{"id":2127,"date":"2025-01-13T14:52:32","date_gmt":"2025-01-13T14:52:32","guid":{"rendered":"https:\/\/iqgrid.nl\/ueber-uns\/"},"modified":"2025-05-27T07:46:21","modified_gmt":"2025-05-27T07:46:21","slug":"ueber-uns","status":"publish","type":"page","link":"https:\/\/iqgrid.nl\/de\/ueber-uns\/","title":{"rendered":"\u00dcber uns"},"content":{"rendered":"\t\t<div data-elementor-type=\"wp-page\" data-elementor-id=\"2127\" class=\"elementor elementor-2127 elementor-94\" data-elementor-post-type=\"page\">\n\t\t\t\t<div class=\"elementor-element elementor-element-3a4ebbb e-flex e-con-boxed e-con e-parent\" data-id=\"3a4ebbb\" data-element_type=\"container\" data-settings=\"{&quot;background_background&quot;:&quot;classic&quot;}\">\n\t\t\t\t\t<div class=\"e-con-inner\">\n\t\t\t\t<div class=\"elementor-element elementor-element-b269338 elementor-widget elementor-widget-heading\" data-id=\"b269338\" data-element_type=\"widget\" data-widget_type=\"heading.default\">\n\t\t\t\t<div class=\"elementor-widget-container\">\n\t\t\t\t\t<h2 class=\"elementor-heading-title elementor-size-default\">\u00dcber uns<\/h2>\t\t\t\t<\/div>\n\t\t\t\t<\/div>\n\t\t\t\t\t<\/div>\n\t\t\t\t<\/div>\n\t\t<div class=\"elementor-element elementor-element-af27727 e-flex e-con-boxed e-con e-parent\" data-id=\"af27727\" data-element_type=\"container\" data-settings=\"{&quot;background_background&quot;:&quot;classic&quot;}\">\n\t\t\t\t\t<div class=\"e-con-inner\">\n\t\t<div class=\"elementor-element elementor-element-07576f4 e-con-full e-flex e-con e-child\" data-id=\"07576f4\" data-element_type=\"container\">\n\t\t\t\t<div class=\"elementor-element elementor-element-e0e3208 elementor-widget elementor-widget-heading\" data-id=\"e0e3208\" data-element_type=\"widget\" data-widget_type=\"heading.default\">\n\t\t\t\t<div class=\"elementor-widget-container\">\n\t\t\t\t\t<h2 class=\"elementor-heading-title elementor-size-default\">\u00dcber iQGrid<\/h2>\t\t\t\t<\/div>\n\t\t\t\t<\/div>\n\t\t\t\t<div class=\"elementor-element elementor-element-aa776ad elementor-widget elementor-widget-text-editor\" data-id=\"aa776ad\" data-element_type=\"widget\" data-widget_type=\"text-editor.default\">\n\t\t\t\t<div class=\"elementor-widget-container\">\n\t\t\t\t\t\t\t\t\t<p>Wir bei iQGrid glauben, dass die Elektrifizierung kein Hirngespinst ist &#8211; sie ist eine strategische Entscheidung, die Unternehmen und Haushalten hilft, heute voranzukommen. Unsere Mission ist es, die Menschen unabh\u00e4ngiger von fossilen Brennstoffen und unvorhersehbaren Energiekosten zu machen. Mit intelligenten Systemen zur Speicherung, Steuerung und Optimierung bringen wir die Kontrolle dorthin zur\u00fcck, wo sie hingeh\u00f6rt: zum Nutzer.  <\/p><p>Denn Technologie allein ist nicht genug. Ohne ein intelligentes Energiemanagementsystem bleibt selbst die beste Batterie oder der beste Wechselrichter ungenutzt. iQGrid ist das Bindeglied: Wir sorgen daf\u00fcr, dass Ihre Energiel\u00f6sungen wirklich zusammenarbeiten. Mit unserer Software und intelligenten Algorithmen nutzen Sie jedes Kilowatt optimal &#8211; zur richtigen Zeit, zum richtigen Preis.   <\/p><p>Unsere Systeme wurden mit Blick auf den Benutzer entwickelt: intuitiv, \u00fcbersichtlich und vollst\u00e4ndig integriert. Von Solarmodulen \u00fcber Batteriespeicher bis hin zur intelligenten Steuerung auf der Grundlage von Echtzeittarifen &#8211; alles arbeitet in einer benutzerfreundlichen Umgebung zusammen. <\/p><p>Hinter iQGrid steht ein Team mit fundiertem Wissen \u00fcber Energietechnologie, nachhaltige Innovationen und Systemintegration. Jahrelange Erfahrung mit komplexen Energiesystemen, ein technischer akademischer Hintergrund und ein scharfes Auge f\u00fcr Benutzerfreundlichkeit sorgen daf\u00fcr, dass iQGrid nicht nur funktioniert, sondern sich durch Einfachheit und Zuverl\u00e4ssigkeit auszeichnet. <\/p><p>Wir stellen die Technologie zur Verf\u00fcgung, damit Sie Ihre Energie in den Griff bekommen &#8211; ohne \u00c4rger.<\/p>\t\t\t\t\t\t\t\t<\/div>\n\t\t\t\t<\/div>\n\t\t\t\t<div class=\"elementor-element elementor-element-d779f2a elementor-widget elementor-widget-button\" data-id=\"d779f2a\" data-element_type=\"widget\" data-widget_type=\"button.default\">\n\t\t\t\t<div class=\"elementor-widget-container\">\n\t\t\t\t\t\t\t\t\t<div class=\"elementor-button-wrapper\">\n\t\t\t\t\t<a class=\"elementor-button elementor-button-link elementor-size-sm\" href=\"https:\/\/iqgrid.nl\/contact\/\">\n\t\t\t\t\t\t<span class=\"elementor-button-content-wrapper\">\n\t\t\t\t\t\t\t\t\t<span class=\"elementor-button-text\">Kontakt aufnehmen<\/span>\n\t\t\t\t\t<\/span>\n\t\t\t\t\t<\/a>\n\t\t\t\t<\/div>\n\t\t\t\t\t\t\t\t<\/div>\n\t\t\t\t<\/div>\n\t\t\t\t<\/div>\n\t\t<div class=\"elementor-element elementor-element-5da67be e-con-full e-flex e-con e-child\" data-id=\"5da67be\" data-element_type=\"container\">\n\t\t\t\t<div class=\"elementor-element elementor-element-af0be4b elementor-invisible elementor-widget elementor-widget-image\" data-id=\"af0be4b\" data-element_type=\"widget\" data-settings=\"{&quot;_animation&quot;:&quot;slideInRight&quot;}\" data-widget_type=\"image.default\">\n\t\t\t\t<div class=\"elementor-widget-container\">\n\t\t\t\t\t\t\t\t\t\t\t\t\t\t\t<img fetchpriority=\"high\" decoding=\"async\" width=\"467\" height=\"600\" src=\"https:\/\/iqgrid.nl\/wp-content\/uploads\/2025\/01\/Visual-vrouw-1.webp\" class=\"attachment-full size-full wp-image-1230\" alt=\"Locatie iQGrid\" srcset=\"https:\/\/iqgrid.nl\/wp-content\/uploads\/2025\/01\/Visual-vrouw-1.webp 467w, https:\/\/iqgrid.nl\/wp-content\/uploads\/2025\/01\/Visual-vrouw-1-234x300.webp 234w\" sizes=\"(max-width: 467px) 100vw, 467px\" \/>\t\t\t\t\t\t\t\t\t\t\t\t\t\t\t<\/div>\n\t\t\t\t<\/div>\n\t\t\t\t<\/div>\n\t\t\t\t\t<\/div>\n\t\t\t\t<\/div>\n\t\t\t\t<\/div>\n\t\t","protected":false},"excerpt":{"rendered":"<p>\u00dcber uns \u00dcber iQGrid Wir bei iQGrid glauben, dass die Elektrifizierung kein Hirngespinst ist &#8211; sie ist eine strategische Entscheidung, [&hellip;]<\/p>\n","protected":false},"author":1,"featured_media":0,"parent":0,"menu_order":0,"comment_status":"closed","ping_status":"closed","template":"","meta":{"site-sidebar-layout":"no-sidebar","site-content-layout":"","ast-site-content-layout":"full-width-container","site-content-style":"default","site-sidebar-style":"default","ast-global-header-display":"","ast-banner-title-visibility":"","ast-main-header-display":"","ast-hfb-above-header-display":"","ast-hfb-below-header-display":"","ast-hfb-mobile-header-display":"","site-post-title":"disabled","ast-breadcrumbs-content":"","ast-featured-img":"disabled","footer-sml-layout":"","ast-disable-related-posts":"","theme-transparent-header-meta":"","adv-header-id-meta":"","stick-header-meta":"","header-above-stick-meta":"","header-main-stick-meta":"","header-below-stick-meta":"","astra-migrate-meta-layouts":"default","ast-page-background-enabled":"default","ast-page-background-meta":{"desktop":{"background-color":"var(--ast-global-color-5)","background-image":"","background-repeat":"repeat","background-position":"center center","background-size":"auto","background-attachment":"scroll","background-type":"","background-media":"","overlay-type":"","overlay-color":"","overlay-opacity":"","overlay-gradient":""},"tablet":{"background-color":"","background-image":"","background-repeat":"repeat","background-position":"center center","background-size":"auto","background-attachment":"scroll","background-type":"","background-media":"","overlay-type":"","overlay-color":"","overlay-opacity":"","overlay-gradient":""},"mobile":{"background-color":"","background-image":"","background-repeat":"repeat","background-position":"center center","background-size":"auto","background-attachment":"scroll","background-type":"","background-media":"","overlay-type":"","overlay-color":"","overlay-opacity":"","overlay-gradient":""}},"ast-content-background-meta":{"desktop":{"background-color":"var(--ast-global-color-4)","background-image":"","background-repeat":"repeat","background-position":"center center","background-size":"auto","background-attachment":"scroll","background-type":"","background-media":"","overlay-type":"","overlay-color":"","overlay-opacity":"","overlay-gradient":""},"tablet":{"background-color":"var(--ast-global-color-4)","background-image":"","background-repeat":"repeat","background-position":"center center","background-size":"auto","background-attachment":"scroll","background-type":"","background-media":"","overlay-type":"","overlay-color":"","overlay-opacity":"","overlay-gradient":""},"mobile":{"background-color":"var(--ast-global-color-4)","background-image":"","background-repeat":"repeat","background-position":"center center","background-size":"auto","background-attachment":"scroll","background-type":"","background-media":"","overlay-type":"","overlay-color":"","overlay-opacity":"","overlay-gradient":""}},"footnotes":""},"class_list":["post-2127","page","type-page","status-publish","hentry"],"yoast_head":"<!-- This site is optimized with the Yoast SEO plugin v26.5 - https:\/\/yoast.com\/wordpress\/plugins\/seo\/ -->\n<title>\u00dcber uns - iQGrid<\/title>\n<meta name=\"description\" content=\"Wir bei iQGrid glauben, dass die Elektrifizierung kein Hirngespinst ist - sie ist eine strategische Entscheidung, die Unternehmen und Haushalten hilft, heute voranzukommen. Unsere Mission ist es, die Menschen unabh\u00e4ngiger von fossilen Brennstoffen und unvorhersehbaren Energiekosten zu machen. Mit intelligenten Systemen zur Speicherung, Steuerung und Optimierung bringen wir die Kontrolle dorthin zur\u00fcck, wo sie hingeh\u00f6rt: zum Nutzer.\" \/>\n<meta name=\"robots\" content=\"index, follow, max-snippet:-1, max-image-preview:large, max-video-preview:-1\" \/>\n<link rel=\"canonical\" href=\"https:\/\/iqgrid.nl\/de\/ueber-uns\/\" \/>\n<meta property=\"og:locale\" content=\"de_DE\" \/>\n<meta property=\"og:type\" content=\"article\" \/>\n<meta property=\"og:title\" content=\"\u00dcber uns - iQGrid\" \/>\n<meta property=\"og:description\" content=\"Wir bei iQGrid glauben, dass die Elektrifizierung kein Hirngespinst ist - sie ist eine strategische Entscheidung, die Unternehmen und Haushalten hilft, heute voranzukommen. Unsere Mission ist es, die Menschen unabh\u00e4ngiger von fossilen Brennstoffen und unvorhersehbaren Energiekosten zu machen. Mit intelligenten Systemen zur Speicherung, Steuerung und Optimierung bringen wir die Kontrolle dorthin zur\u00fcck, wo sie hingeh\u00f6rt: zum Nutzer.\" \/>\n<meta property=\"og:url\" content=\"https:\/\/iqgrid.nl\/de\/ueber-uns\/\" \/>\n<meta property=\"og:site_name\" content=\"iQGrid\" \/>\n<meta property=\"article:modified_time\" content=\"2025-05-27T07:46:21+00:00\" \/>\n<meta property=\"og:image\" content=\"https:\/\/iqgrid.nl\/wp-content\/uploads\/2025\/01\/Visual-vrouw-1.webp\" \/>\n<meta name=\"twitter:card\" content=\"summary_large_image\" \/>\n<meta name=\"twitter:label1\" content=\"Gesch\u00e4tzte Lesezeit\" \/>\n\t<meta name=\"twitter:data1\" content=\"1\u00a0Minute\" \/>\n<script type=\"application\/ld+json\" class=\"yoast-schema-graph\">{\"@context\":\"https:\/\/schema.org\",\"@graph\":[{\"@type\":\"WebPage\",\"@id\":\"https:\/\/iqgrid.nl\/de\/ueber-uns\/\",\"url\":\"https:\/\/iqgrid.nl\/de\/ueber-uns\/\",\"name\":\"\u00dcber uns - iQGrid\",\"isPartOf\":{\"@id\":\"https:\/\/iqgrid.nl\/de\/#website\"},\"primaryImageOfPage\":{\"@id\":\"https:\/\/iqgrid.nl\/de\/ueber-uns\/#primaryimage\"},\"image\":{\"@id\":\"https:\/\/iqgrid.nl\/de\/ueber-uns\/#primaryimage\"},\"thumbnailUrl\":\"https:\/\/iqgrid.nl\/wp-content\/uploads\/2025\/01\/Visual-vrouw-1.webp\",\"datePublished\":\"2025-01-13T14:52:32+00:00\",\"dateModified\":\"2025-05-27T07:46:21+00:00\",\"description\":\"Wir bei iQGrid glauben, dass die Elektrifizierung kein Hirngespinst ist - sie ist eine strategische Entscheidung, die Unternehmen und Haushalten hilft, heute voranzukommen. Unsere Mission ist es, die Menschen unabh\u00e4ngiger von fossilen Brennstoffen und unvorhersehbaren Energiekosten zu machen. Mit intelligenten Systemen zur Speicherung, Steuerung und Optimierung bringen wir die Kontrolle dorthin zur\u00fcck, wo sie hingeh\u00f6rt: zum Nutzer.\",\"breadcrumb\":{\"@id\":\"https:\/\/iqgrid.nl\/de\/ueber-uns\/#breadcrumb\"},\"inLanguage\":\"de\",\"potentialAction\":[{\"@type\":\"ReadAction\",\"target\":[\"https:\/\/iqgrid.nl\/de\/ueber-uns\/\"]}]},{\"@type\":\"ImageObject\",\"inLanguage\":\"de\",\"@id\":\"https:\/\/iqgrid.nl\/de\/ueber-uns\/#primaryimage\",\"url\":\"https:\/\/iqgrid.nl\/wp-content\/uploads\/2025\/01\/Visual-vrouw-1.webp\",\"contentUrl\":\"https:\/\/iqgrid.nl\/wp-content\/uploads\/2025\/01\/Visual-vrouw-1.webp\"},{\"@type\":\"BreadcrumbList\",\"@id\":\"https:\/\/iqgrid.nl\/de\/ueber-uns\/#breadcrumb\",\"itemListElement\":[{\"@type\":\"ListItem\",\"position\":1,\"name\":\"Startseite\",\"item\":\"https:\/\/iqgrid.nl\/de\/\"},{\"@type\":\"ListItem\",\"position\":2,\"name\":\"\u00dcber uns\"}]},{\"@type\":\"WebSite\",\"@id\":\"https:\/\/iqgrid.nl\/de\/#website\",\"url\":\"https:\/\/iqgrid.nl\/de\/\",\"name\":\"iQGrid\",\"description\":\"Intelligentes Energiemanagement\",\"publisher\":{\"@id\":\"https:\/\/iqgrid.nl\/de\/#organization\"},\"potentialAction\":[{\"@type\":\"SearchAction\",\"target\":{\"@type\":\"EntryPoint\",\"urlTemplate\":\"https:\/\/iqgrid.nl\/de\/?s={search_term_string}\"},\"query-input\":{\"@type\":\"PropertyValueSpecification\",\"valueRequired\":true,\"valueName\":\"search_term_string\"}}],\"inLanguage\":\"de\"},{\"@type\":\"Organization\",\"@id\":\"https:\/\/iqgrid.nl\/de\/#organization\",\"name\":\"iQGrid\",\"url\":\"https:\/\/iqgrid.nl\/de\/\",\"logo\":{\"@type\":\"ImageObject\",\"inLanguage\":\"de\",\"@id\":\"https:\/\/iqgrid.nl\/de\/#\/schema\/logo\/image\/\",\"url\":\"https:\/\/iqgrid.nl\/wp-content\/uploads\/2025\/01\/iQGrid-volledig-scaled-e1736767720883.jpg\",\"contentUrl\":\"https:\/\/iqgrid.nl\/wp-content\/uploads\/2025\/01\/iQGrid-volledig-scaled-e1736767720883.jpg\",\"width\":2560,\"height\":810,\"caption\":\"iQGrid\"},\"image\":{\"@id\":\"https:\/\/iqgrid.nl\/de\/#\/schema\/logo\/image\/\"}}]}<\/script>\n<!-- \/ Yoast SEO plugin. -->","yoast_head_json":{"title":"\u00dcber uns - iQGrid","description":"Wir bei iQGrid glauben, dass die Elektrifizierung kein Hirngespinst ist - sie ist eine strategische Entscheidung, die Unternehmen und Haushalten hilft, heute voranzukommen. Unsere Mission ist es, die Menschen unabh\u00e4ngiger von fossilen Brennstoffen und unvorhersehbaren Energiekosten zu machen. Mit intelligenten Systemen zur Speicherung, Steuerung und Optimierung bringen wir die Kontrolle dorthin zur\u00fcck, wo sie hingeh\u00f6rt: zum Nutzer.","robots":{"index":"index","follow":"follow","max-snippet":"max-snippet:-1","max-image-preview":"max-image-preview:large","max-video-preview":"max-video-preview:-1"},"canonical":"https:\/\/iqgrid.nl\/de\/ueber-uns\/","og_locale":"de_DE","og_type":"article","og_title":"\u00dcber uns - iQGrid","og_description":"Wir bei iQGrid glauben, dass die Elektrifizierung kein Hirngespinst ist - sie ist eine strategische Entscheidung, die Unternehmen und Haushalten hilft, heute voranzukommen. Unsere Mission ist es, die Menschen unabh\u00e4ngiger von fossilen Brennstoffen und unvorhersehbaren Energiekosten zu machen. Mit intelligenten Systemen zur Speicherung, Steuerung und Optimierung bringen wir die Kontrolle dorthin zur\u00fcck, wo sie hingeh\u00f6rt: zum Nutzer.","og_url":"https:\/\/iqgrid.nl\/de\/ueber-uns\/","og_site_name":"iQGrid","article_modified_time":"2025-05-27T07:46:21+00:00","og_image":[{"url":"https:\/\/iqgrid.nl\/wp-content\/uploads\/2025\/01\/Visual-vrouw-1.webp","type":"","width":"","height":""}],"twitter_card":"summary_large_image","twitter_misc":{"Gesch\u00e4tzte Lesezeit":"1\u00a0Minute"},"schema":{"@context":"https:\/\/schema.org","@graph":[{"@type":"WebPage","@id":"https:\/\/iqgrid.nl\/de\/ueber-uns\/","url":"https:\/\/iqgrid.nl\/de\/ueber-uns\/","name":"\u00dcber uns - iQGrid","isPartOf":{"@id":"https:\/\/iqgrid.nl\/de\/#website"},"primaryImageOfPage":{"@id":"https:\/\/iqgrid.nl\/de\/ueber-uns\/#primaryimage"},"image":{"@id":"https:\/\/iqgrid.nl\/de\/ueber-uns\/#primaryimage"},"thumbnailUrl":"https:\/\/iqgrid.nl\/wp-content\/uploads\/2025\/01\/Visual-vrouw-1.webp","datePublished":"2025-01-13T14:52:32+00:00","dateModified":"2025-05-27T07:46:21+00:00","description":"Wir bei iQGrid glauben, dass die Elektrifizierung kein Hirngespinst ist - sie ist eine strategische Entscheidung, die Unternehmen und Haushalten hilft, heute voranzukommen. Unsere Mission ist es, die Menschen unabh\u00e4ngiger von fossilen Brennstoffen und unvorhersehbaren Energiekosten zu machen. Mit intelligenten Systemen zur Speicherung, Steuerung und Optimierung bringen wir die Kontrolle dorthin zur\u00fcck, wo sie hingeh\u00f6rt: zum Nutzer.","breadcrumb":{"@id":"https:\/\/iqgrid.nl\/de\/ueber-uns\/#breadcrumb"},"inLanguage":"de","potentialAction":[{"@type":"ReadAction","target":["https:\/\/iqgrid.nl\/de\/ueber-uns\/"]}]},{"@type":"ImageObject","inLanguage":"de","@id":"https:\/\/iqgrid.nl\/de\/ueber-uns\/#primaryimage","url":"https:\/\/iqgrid.nl\/wp-content\/uploads\/2025\/01\/Visual-vrouw-1.webp","contentUrl":"https:\/\/iqgrid.nl\/wp-content\/uploads\/2025\/01\/Visual-vrouw-1.webp"},{"@type":"BreadcrumbList","@id":"https:\/\/iqgrid.nl\/de\/ueber-uns\/#breadcrumb","itemListElement":[{"@type":"ListItem","position":1,"name":"Startseite","item":"https:\/\/iqgrid.nl\/de\/"},{"@type":"ListItem","position":2,"name":"\u00dcber uns"}]},{"@type":"WebSite","@id":"https:\/\/iqgrid.nl\/de\/#website","url":"https:\/\/iqgrid.nl\/de\/","name":"iQGrid","description":"Intelligentes Energiemanagement","publisher":{"@id":"https:\/\/iqgrid.nl\/de\/#organization"},"potentialAction":[{"@type":"SearchAction","target":{"@type":"EntryPoint","urlTemplate":"https:\/\/iqgrid.nl\/de\/?s={search_term_string}"},"query-input":{"@type":"PropertyValueSpecification","valueRequired":true,"valueName":"search_term_string"}}],"inLanguage":"de"},{"@type":"Organization","@id":"https:\/\/iqgrid.nl\/de\/#organization","name":"iQGrid","url":"https:\/\/iqgrid.nl\/de\/","logo":{"@type":"ImageObject","inLanguage":"de","@id":"https:\/\/iqgrid.nl\/de\/#\/schema\/logo\/image\/","url":"https:\/\/iqgrid.nl\/wp-content\/uploads\/2025\/01\/iQGrid-volledig-scaled-e1736767720883.jpg","contentUrl":"https:\/\/iqgrid.nl\/wp-content\/uploads\/2025\/01\/iQGrid-volledig-scaled-e1736767720883.jpg","width":2560,"height":810,"caption":"iQGrid"},"image":{"@id":"https:\/\/iqgrid.nl\/de\/#\/schema\/logo\/image\/"}}]}},"_links":{"self":[{"href":"https:\/\/iqgrid.nl\/de\/wp-json\/wp\/v2\/pages\/2127","targetHints":{"allow":["GET"]}}],"collection":[{"href":"https:\/\/iqgrid.nl\/de\/wp-json\/wp\/v2\/pages"}],"about":[{"href":"https:\/\/iqgrid.nl\/de\/wp-json\/wp\/v2\/types\/page"}],"author":[{"embeddable":true,"href":"https:\/\/iqgrid.nl\/de\/wp-json\/wp\/v2\/users\/1"}],"replies":[{"embeddable":true,"href":"https:\/\/iqgrid.nl\/de\/wp-json\/wp\/v2\/comments?post=2127"}],"version-history":[{"count":2,"href":"https:\/\/iqgrid.nl\/de\/wp-json\/wp\/v2\/pages\/2127\/revisions"}],"predecessor-version":[{"id":2130,"href":"https:\/\/iqgrid.nl\/de\/wp-json\/wp\/v2\/pages\/2127\/revisions\/2130"}],"wp:attachment":[{"href":"https:\/\/iqgrid.nl\/de\/wp-json\/wp\/v2\/media?parent=2127"}],"curies":[{"name":"wp","href":"https:\/\/api.w.org\/{rel}","templated":true}]}}