{"id":2288,"date":"2025-01-13T14:38:33","date_gmt":"2025-01-13T14:38:33","guid":{"rendered":"https:\/\/iqgrid.nl\/installateure\/"},"modified":"2025-05-27T07:52:59","modified_gmt":"2025-05-27T07:52:59","slug":"installateure","status":"publish","type":"page","link":"https:\/\/iqgrid.nl\/de\/installateure\/","title":{"rendered":"Installateure"},"content":{"rendered":"\t\t<div data-elementor-type=\"wp-page\" data-elementor-id=\"2288\" class=\"elementor elementor-2288 elementor-86\" data-elementor-post-type=\"page\">\n\t\t\t\t<div class=\"elementor-element elementor-element-3a4ebbb e-flex e-con-boxed e-con e-parent\" data-id=\"3a4ebbb\" data-element_type=\"container\" data-settings=\"{&quot;background_background&quot;:&quot;classic&quot;}\">\n\t\t\t\t\t<div class=\"e-con-inner\">\n\t\t\t\t<div class=\"elementor-element elementor-element-b269338 elementor-widget elementor-widget-heading\" data-id=\"b269338\" data-element_type=\"widget\" data-widget_type=\"heading.default\">\n\t\t\t\t<div class=\"elementor-widget-container\">\n\t\t\t\t\t<h2 class=\"elementor-heading-title elementor-size-default\">H\u00e4ndler<\/h2>\t\t\t\t<\/div>\n\t\t\t\t<\/div>\n\t\t\t\t\t<\/div>\n\t\t\t\t<\/div>\n\t\t<div class=\"elementor-element elementor-element-5aa8224 e-flex e-con-boxed e-con e-parent\" data-id=\"5aa8224\" data-element_type=\"container\">\n\t\t\t\t\t<div class=\"e-con-inner\">\n\t\t\t\t<div class=\"elementor-element elementor-element-7bb863a elementor-widget elementor-widget-text-editor\" data-id=\"7bb863a\" data-element_type=\"widget\" data-widget_type=\"text-editor.default\">\n\t\t\t\t<div class=\"elementor-widget-container\">\n\t\t\t\t\t\t\t\t\t<p>Um die Qualit\u00e4t unserer Produkte und Dienstleistungen zu gew\u00e4hrleisten, arbeiten wir mit einem Netzwerk von zertifizierten Installateuren zusammen.<\/p><ul><li><strong>Zugelassene Installateure:<\/strong> Unsere Partner werden sorgf\u00e4ltig ausgew\u00e4hlt und geschult, um iQGrid-Systeme zu installieren.<\/li><li><strong>Technische Unterst\u00fctzung:<\/strong> Installateure haben Zugang zu umfassender technischer <strong>Unterst\u00fctzung und Dokumentation.<\/strong><\/li><li><strong>Werden Sie Partner:<\/strong> Wir sind immer auf der Suche nach neuen Installateuren, um unser Netzwerk zu erweitern. M\u00f6chten Sie Teil eines wachsenden Marktes sein? Nehmen Sie Kontakt mit uns auf!  <\/li><\/ul><p>Die iQGrid-Installateure garantieren Qualit\u00e4t, Zuverl\u00e4ssigkeit und Service.<\/p>\t\t\t\t\t\t\t\t<\/div>\n\t\t\t\t<\/div>\n\t\t\t\t\t<\/div>\n\t\t\t\t<\/div>\n\t\t<div class=\"elementor-element elementor-element-df6bce6 e-flex e-con-boxed e-con e-parent\" data-id=\"df6bce6\" data-element_type=\"container\">\n\t\t\t\t\t<div class=\"e-con-inner\">\n\t\t<div class=\"elementor-element elementor-element-7dd0cee e-con-full e-flex e-con e-child\" data-id=\"7dd0cee\" data-element_type=\"container\">\n\t\t\t\t<div class=\"elementor-element elementor-element-445458c elementor-widget elementor-widget-image\" data-id=\"445458c\" data-element_type=\"widget\" data-widget_type=\"image.default\">\n\t\t\t\t<div class=\"elementor-widget-container\">\n\t\t\t\t\t\t\t\t\t\t\t\t\t\t\t<img decoding=\"async\" width=\"151\" height=\"118\" src=\"https:\/\/iqgrid.nl\/wp-content\/uploads\/2025\/01\/image002-2.png\" class=\"attachment-full size-full wp-image-1218\" alt=\"Logo DuraSolar\" \/>\t\t\t\t\t\t\t\t\t\t\t\t\t\t\t<\/div>\n\t\t\t\t<\/div>\n\t\t\t\t<\/div>\n\t\t<div class=\"elementor-element elementor-element-b315bc2 e-con-full e-flex e-con e-child\" data-id=\"b315bc2\" data-element_type=\"container\">\n\t\t\t\t<div class=\"elementor-element elementor-element-9dcac85 elementor-widget elementor-widget-image\" data-id=\"9dcac85\" data-element_type=\"widget\" data-widget_type=\"image.default\">\n\t\t\t\t<div class=\"elementor-widget-container\">\n\t\t\t\t\t\t\t\t\t\t\t\t\t\t\t<img fetchpriority=\"high\" decoding=\"async\" width=\"2361\" height=\"441\" src=\"https:\/\/iqgrid.nl\/wp-content\/uploads\/2025\/04\/Logo-Buiting-Elektrotechniek.png\" class=\"attachment-full size-full wp-image-1326\" alt=\"\" srcset=\"https:\/\/iqgrid.nl\/wp-content\/uploads\/2025\/04\/Logo-Buiting-Elektrotechniek.png 2361w, https:\/\/iqgrid.nl\/wp-content\/uploads\/2025\/04\/Logo-Buiting-Elektrotechniek-300x56.png 300w, https:\/\/iqgrid.nl\/wp-content\/uploads\/2025\/04\/Logo-Buiting-Elektrotechniek-1024x191.png 1024w, https:\/\/iqgrid.nl\/wp-content\/uploads\/2025\/04\/Logo-Buiting-Elektrotechniek-768x143.png 768w, https:\/\/iqgrid.nl\/wp-content\/uploads\/2025\/04\/Logo-Buiting-Elektrotechniek-1536x287.png 1536w, https:\/\/iqgrid.nl\/wp-content\/uploads\/2025\/04\/Logo-Buiting-Elektrotechniek-2048x383.png 2048w\" sizes=\"(max-width: 2361px) 100vw, 2361px\" \/>\t\t\t\t\t\t\t\t\t\t\t\t\t\t\t<\/div>\n\t\t\t\t<\/div>\n\t\t\t\t<\/div>\n\t\t\t\t\t<\/div>\n\t\t\t\t<\/div>\n\t\t\t\t<\/div>\n\t\t","protected":false},"excerpt":{"rendered":"<p>H\u00e4ndler Um die Qualit\u00e4t unserer Produkte und Dienstleistungen zu gew\u00e4hrleisten, arbeiten wir mit einem Netzwerk von zertifizierten Installateuren zusammen. Zugelassene [&hellip;]<\/p>\n","protected":false},"author":1,"featured_media":0,"parent":0,"menu_order":0,"comment_status":"closed","ping_status":"closed","template":"","meta":{"site-sidebar-layout":"no-sidebar","site-content-layout":"","ast-site-content-layout":"full-width-container","site-content-style":"default","site-sidebar-style":"default","ast-global-header-display":"","ast-banner-title-visibility":"","ast-main-header-display":"","ast-hfb-above-header-display":"","ast-hfb-below-header-display":"","ast-hfb-mobile-header-display":"","site-post-title":"disabled","ast-breadcrumbs-content":"","ast-featured-img":"disabled","footer-sml-layout":"","ast-disable-related-posts":"","theme-transparent-header-meta":"","adv-header-id-meta":"","stick-header-meta":"","header-above-stick-meta":"","header-main-stick-meta":"","header-below-stick-meta":"","astra-migrate-meta-layouts":"default","ast-page-background-enabled":"default","ast-page-background-meta":{"desktop":{"background-color":"var(--ast-global-color-5)","background-image":"","background-repeat":"repeat","background-position":"center center","background-size":"auto","background-attachment":"scroll","background-type":"","background-media":"","overlay-type":"","overlay-color":"","overlay-opacity":"","overlay-gradient":""},"tablet":{"background-color":"","background-image":"","background-repeat":"repeat","background-position":"center center","background-size":"auto","background-attachment":"scroll","background-type":"","background-media":"","overlay-type":"","overlay-color":"","overlay-opacity":"","overlay-gradient":""},"mobile":{"background-color":"","background-image":"","background-repeat":"repeat","background-position":"center center","background-size":"auto","background-attachment":"scroll","background-type":"","background-media":"","overlay-type":"","overlay-color":"","overlay-opacity":"","overlay-gradient":""}},"ast-content-background-meta":{"desktop":{"background-color":"var(--ast-global-color-4)","background-image":"","background-repeat":"repeat","background-position":"center center","background-size":"auto","background-attachment":"scroll","background-type":"","background-media":"","overlay-type":"","overlay-color":"","overlay-opacity":"","overlay-gradient":""},"tablet":{"background-color":"var(--ast-global-color-4)","background-image":"","background-repeat":"repeat","background-position":"center center","background-size":"auto","background-attachment":"scroll","background-type":"","background-media":"","overlay-type":"","overlay-color":"","overlay-opacity":"","overlay-gradient":""},"mobile":{"background-color":"var(--ast-global-color-4)","background-image":"","background-repeat":"repeat","background-position":"center center","background-size":"auto","background-attachment":"scroll","background-type":"","background-media":"","overlay-type":"","overlay-color":"","overlay-opacity":"","overlay-gradient":""}},"footnotes":""},"class_list":["post-2288","page","type-page","status-publish","hentry"],"yoast_head":"<!-- This site is optimized with the Yoast SEO plugin v26.5 - https:\/\/yoast.com\/wordpress\/plugins\/seo\/ -->\n<title>Installateure - iQGrid<\/title>\n<meta name=\"description\" content=\"Unsere Partner werden sorgf\u00e4ltig ausgew\u00e4hlt und f\u00fcr die Installation von iQGrid-Systemen geschult. Technische Unterst\u00fctzung: Installateure haben Zugang zu umfassender technischer Unterst\u00fctzung und Dokumentation. Wir sind immer auf der Suche nach neuen Installateuren, um unser Netzwerk zu erweitern. M\u00f6chten Sie Teil eines wachsenden Marktes sein?\" \/>\n<meta name=\"robots\" content=\"index, follow, max-snippet:-1, max-image-preview:large, max-video-preview:-1\" \/>\n<link rel=\"canonical\" href=\"https:\/\/iqgrid.nl\/de\/installateure\/\" \/>\n<meta property=\"og:locale\" content=\"de_DE\" \/>\n<meta property=\"og:type\" content=\"article\" \/>\n<meta property=\"og:title\" content=\"Installateure - iQGrid\" \/>\n<meta property=\"og:description\" content=\"Unsere Partner werden sorgf\u00e4ltig ausgew\u00e4hlt und f\u00fcr die Installation von iQGrid-Systemen geschult. Technische Unterst\u00fctzung: Installateure haben Zugang zu umfassender technischer Unterst\u00fctzung und Dokumentation. Wir sind immer auf der Suche nach neuen Installateuren, um unser Netzwerk zu erweitern. M\u00f6chten Sie Teil eines wachsenden Marktes sein?\" \/>\n<meta property=\"og:url\" content=\"https:\/\/iqgrid.nl\/de\/installateure\/\" \/>\n<meta property=\"og:site_name\" content=\"iQGrid\" \/>\n<meta property=\"article:modified_time\" content=\"2025-05-27T07:52:59+00:00\" \/>\n<meta property=\"og:image\" content=\"https:\/\/iqgrid.nl\/wp-content\/uploads\/2025\/01\/image002-2.png\" \/>\n<meta name=\"twitter:card\" content=\"summary_large_image\" \/>\n<script type=\"application\/ld+json\" class=\"yoast-schema-graph\">{\"@context\":\"https:\/\/schema.org\",\"@graph\":[{\"@type\":\"WebPage\",\"@id\":\"https:\/\/iqgrid.nl\/de\/installateure\/\",\"url\":\"https:\/\/iqgrid.nl\/de\/installateure\/\",\"name\":\"Installateure - iQGrid\",\"isPartOf\":{\"@id\":\"https:\/\/iqgrid.nl\/de\/#website\"},\"primaryImageOfPage\":{\"@id\":\"https:\/\/iqgrid.nl\/de\/installateure\/#primaryimage\"},\"image\":{\"@id\":\"https:\/\/iqgrid.nl\/de\/installateure\/#primaryimage\"},\"thumbnailUrl\":\"https:\/\/iqgrid.nl\/wp-content\/uploads\/2025\/01\/image002-2.png\",\"datePublished\":\"2025-01-13T14:38:33+00:00\",\"dateModified\":\"2025-05-27T07:52:59+00:00\",\"description\":\"Unsere Partner werden sorgf\u00e4ltig ausgew\u00e4hlt und f\u00fcr die Installation von iQGrid-Systemen geschult. Technische Unterst\u00fctzung: Installateure haben Zugang zu umfassender technischer Unterst\u00fctzung und Dokumentation. Wir sind immer auf der Suche nach neuen Installateuren, um unser Netzwerk zu erweitern. M\u00f6chten Sie Teil eines wachsenden Marktes sein?\",\"breadcrumb\":{\"@id\":\"https:\/\/iqgrid.nl\/de\/installateure\/#breadcrumb\"},\"inLanguage\":\"de\",\"potentialAction\":[{\"@type\":\"ReadAction\",\"target\":[\"https:\/\/iqgrid.nl\/de\/installateure\/\"]}]},{\"@type\":\"ImageObject\",\"inLanguage\":\"de\",\"@id\":\"https:\/\/iqgrid.nl\/de\/installateure\/#primaryimage\",\"url\":\"https:\/\/iqgrid.nl\/wp-content\/uploads\/2025\/01\/image002-2.png\",\"contentUrl\":\"https:\/\/iqgrid.nl\/wp-content\/uploads\/2025\/01\/image002-2.png\"},{\"@type\":\"BreadcrumbList\",\"@id\":\"https:\/\/iqgrid.nl\/de\/installateure\/#breadcrumb\",\"itemListElement\":[{\"@type\":\"ListItem\",\"position\":1,\"name\":\"Startseite\",\"item\":\"https:\/\/iqgrid.nl\/de\/\"},{\"@type\":\"ListItem\",\"position\":2,\"name\":\"Installateure\"}]},{\"@type\":\"WebSite\",\"@id\":\"https:\/\/iqgrid.nl\/de\/#website\",\"url\":\"https:\/\/iqgrid.nl\/de\/\",\"name\":\"iQGrid\",\"description\":\"Intelligentes Energiemanagement\",\"publisher\":{\"@id\":\"https:\/\/iqgrid.nl\/de\/#organization\"},\"potentialAction\":[{\"@type\":\"SearchAction\",\"target\":{\"@type\":\"EntryPoint\",\"urlTemplate\":\"https:\/\/iqgrid.nl\/de\/?s={search_term_string}\"},\"query-input\":{\"@type\":\"PropertyValueSpecification\",\"valueRequired\":true,\"valueName\":\"search_term_string\"}}],\"inLanguage\":\"de\"},{\"@type\":\"Organization\",\"@id\":\"https:\/\/iqgrid.nl\/de\/#organization\",\"name\":\"iQGrid\",\"url\":\"https:\/\/iqgrid.nl\/de\/\",\"logo\":{\"@type\":\"ImageObject\",\"inLanguage\":\"de\",\"@id\":\"https:\/\/iqgrid.nl\/de\/#\/schema\/logo\/image\/\",\"url\":\"https:\/\/iqgrid.nl\/wp-content\/uploads\/2025\/01\/iQGrid-volledig-scaled-e1736767720883.jpg\",\"contentUrl\":\"https:\/\/iqgrid.nl\/wp-content\/uploads\/2025\/01\/iQGrid-volledig-scaled-e1736767720883.jpg\",\"width\":2560,\"height\":810,\"caption\":\"iQGrid\"},\"image\":{\"@id\":\"https:\/\/iqgrid.nl\/de\/#\/schema\/logo\/image\/\"}}]}<\/script>\n<!-- \/ Yoast SEO plugin. -->","yoast_head_json":{"title":"Installateure - iQGrid","description":"Unsere Partner werden sorgf\u00e4ltig ausgew\u00e4hlt und f\u00fcr die Installation von iQGrid-Systemen geschult. Technische Unterst\u00fctzung: Installateure haben Zugang zu umfassender technischer Unterst\u00fctzung und Dokumentation. Wir sind immer auf der Suche nach neuen Installateuren, um unser Netzwerk zu erweitern. M\u00f6chten Sie Teil eines wachsenden Marktes sein?","robots":{"index":"index","follow":"follow","max-snippet":"max-snippet:-1","max-image-preview":"max-image-preview:large","max-video-preview":"max-video-preview:-1"},"canonical":"https:\/\/iqgrid.nl\/de\/installateure\/","og_locale":"de_DE","og_type":"article","og_title":"Installateure - iQGrid","og_description":"Unsere Partner werden sorgf\u00e4ltig ausgew\u00e4hlt und f\u00fcr die Installation von iQGrid-Systemen geschult. Technische Unterst\u00fctzung: Installateure haben Zugang zu umfassender technischer Unterst\u00fctzung und Dokumentation. Wir sind immer auf der Suche nach neuen Installateuren, um unser Netzwerk zu erweitern. M\u00f6chten Sie Teil eines wachsenden Marktes sein?","og_url":"https:\/\/iqgrid.nl\/de\/installateure\/","og_site_name":"iQGrid","article_modified_time":"2025-05-27T07:52:59+00:00","og_image":[{"url":"https:\/\/iqgrid.nl\/wp-content\/uploads\/2025\/01\/image002-2.png","type":"","width":"","height":""}],"twitter_card":"summary_large_image","schema":{"@context":"https:\/\/schema.org","@graph":[{"@type":"WebPage","@id":"https:\/\/iqgrid.nl\/de\/installateure\/","url":"https:\/\/iqgrid.nl\/de\/installateure\/","name":"Installateure - iQGrid","isPartOf":{"@id":"https:\/\/iqgrid.nl\/de\/#website"},"primaryImageOfPage":{"@id":"https:\/\/iqgrid.nl\/de\/installateure\/#primaryimage"},"image":{"@id":"https:\/\/iqgrid.nl\/de\/installateure\/#primaryimage"},"thumbnailUrl":"https:\/\/iqgrid.nl\/wp-content\/uploads\/2025\/01\/image002-2.png","datePublished":"2025-01-13T14:38:33+00:00","dateModified":"2025-05-27T07:52:59+00:00","description":"Unsere Partner werden sorgf\u00e4ltig ausgew\u00e4hlt und f\u00fcr die Installation von iQGrid-Systemen geschult. Technische Unterst\u00fctzung: Installateure haben Zugang zu umfassender technischer Unterst\u00fctzung und Dokumentation. Wir sind immer auf der Suche nach neuen Installateuren, um unser Netzwerk zu erweitern. M\u00f6chten Sie Teil eines wachsenden Marktes sein?","breadcrumb":{"@id":"https:\/\/iqgrid.nl\/de\/installateure\/#breadcrumb"},"inLanguage":"de","potentialAction":[{"@type":"ReadAction","target":["https:\/\/iqgrid.nl\/de\/installateure\/"]}]},{"@type":"ImageObject","inLanguage":"de","@id":"https:\/\/iqgrid.nl\/de\/installateure\/#primaryimage","url":"https:\/\/iqgrid.nl\/wp-content\/uploads\/2025\/01\/image002-2.png","contentUrl":"https:\/\/iqgrid.nl\/wp-content\/uploads\/2025\/01\/image002-2.png"},{"@type":"BreadcrumbList","@id":"https:\/\/iqgrid.nl\/de\/installateure\/#breadcrumb","itemListElement":[{"@type":"ListItem","position":1,"name":"Startseite","item":"https:\/\/iqgrid.nl\/de\/"},{"@type":"ListItem","position":2,"name":"Installateure"}]},{"@type":"WebSite","@id":"https:\/\/iqgrid.nl\/de\/#website","url":"https:\/\/iqgrid.nl\/de\/","name":"iQGrid","description":"Intelligentes Energiemanagement","publisher":{"@id":"https:\/\/iqgrid.nl\/de\/#organization"},"potentialAction":[{"@type":"SearchAction","target":{"@type":"EntryPoint","urlTemplate":"https:\/\/iqgrid.nl\/de\/?s={search_term_string}"},"query-input":{"@type":"PropertyValueSpecification","valueRequired":true,"valueName":"search_term_string"}}],"inLanguage":"de"},{"@type":"Organization","@id":"https:\/\/iqgrid.nl\/de\/#organization","name":"iQGrid","url":"https:\/\/iqgrid.nl\/de\/","logo":{"@type":"ImageObject","inLanguage":"de","@id":"https:\/\/iqgrid.nl\/de\/#\/schema\/logo\/image\/","url":"https:\/\/iqgrid.nl\/wp-content\/uploads\/2025\/01\/iQGrid-volledig-scaled-e1736767720883.jpg","contentUrl":"https:\/\/iqgrid.nl\/wp-content\/uploads\/2025\/01\/iQGrid-volledig-scaled-e1736767720883.jpg","width":2560,"height":810,"caption":"iQGrid"},"image":{"@id":"https:\/\/iqgrid.nl\/de\/#\/schema\/logo\/image\/"}}]}},"_links":{"self":[{"href":"https:\/\/iqgrid.nl\/de\/wp-json\/wp\/v2\/pages\/2288","targetHints":{"allow":["GET"]}}],"collection":[{"href":"https:\/\/iqgrid.nl\/de\/wp-json\/wp\/v2\/pages"}],"about":[{"href":"https:\/\/iqgrid.nl\/de\/wp-json\/wp\/v2\/types\/page"}],"author":[{"embeddable":true,"href":"https:\/\/iqgrid.nl\/de\/wp-json\/wp\/v2\/users\/1"}],"replies":[{"embeddable":true,"href":"https:\/\/iqgrid.nl\/de\/wp-json\/wp\/v2\/comments?post=2288"}],"version-history":[{"count":2,"href":"https:\/\/iqgrid.nl\/de\/wp-json\/wp\/v2\/pages\/2288\/revisions"}],"predecessor-version":[{"id":2291,"href":"https:\/\/iqgrid.nl\/de\/wp-json\/wp\/v2\/pages\/2288\/revisions\/2291"}],"wp:attachment":[{"href":"https:\/\/iqgrid.nl\/de\/wp-json\/wp\/v2\/media?parent=2288"}],"curies":[{"name":"wp","href":"https:\/\/api.w.org\/{rel}","templated":true}]}}