{"id":2132,"date":"2025-01-13T14:52:32","date_gmt":"2025-01-13T14:52:32","guid":{"rendered":"https:\/\/iqgrid.nl\/o-nas\/"},"modified":"2025-05-27T07:46:26","modified_gmt":"2025-05-27T07:46:26","slug":"o-nas","status":"publish","type":"page","link":"https:\/\/iqgrid.nl\/pl\/o-nas\/","title":{"rendered":"O nas"},"content":{"rendered":"\t\t<div data-elementor-type=\"wp-page\" data-elementor-id=\"2132\" class=\"elementor elementor-2132 elementor-94\" data-elementor-post-type=\"page\">\n\t\t\t\t<div class=\"elementor-element elementor-element-3a4ebbb e-flex e-con-boxed e-con e-parent\" data-id=\"3a4ebbb\" data-element_type=\"container\" data-settings=\"{&quot;background_background&quot;:&quot;classic&quot;}\">\n\t\t\t\t\t<div class=\"e-con-inner\">\n\t\t\t\t<div class=\"elementor-element elementor-element-b269338 elementor-widget elementor-widget-heading\" data-id=\"b269338\" data-element_type=\"widget\" data-widget_type=\"heading.default\">\n\t\t\t\t<div class=\"elementor-widget-container\">\n\t\t\t\t\t<h2 class=\"elementor-heading-title elementor-size-default\">O nas<\/h2>\t\t\t\t<\/div>\n\t\t\t\t<\/div>\n\t\t\t\t\t<\/div>\n\t\t\t\t<\/div>\n\t\t<div class=\"elementor-element elementor-element-af27727 e-flex e-con-boxed e-con e-parent\" data-id=\"af27727\" data-element_type=\"container\" data-settings=\"{&quot;background_background&quot;:&quot;classic&quot;}\">\n\t\t\t\t\t<div class=\"e-con-inner\">\n\t\t<div class=\"elementor-element elementor-element-07576f4 e-con-full e-flex e-con e-child\" data-id=\"07576f4\" data-element_type=\"container\">\n\t\t\t\t<div class=\"elementor-element elementor-element-e0e3208 elementor-widget elementor-widget-heading\" data-id=\"e0e3208\" data-element_type=\"widget\" data-widget_type=\"heading.default\">\n\t\t\t\t<div class=\"elementor-widget-container\">\n\t\t\t\t\t<h2 class=\"elementor-heading-title elementor-size-default\">Informacje o iQGrid<\/h2>\t\t\t\t<\/div>\n\t\t\t\t<\/div>\n\t\t\t\t<div class=\"elementor-element elementor-element-aa776ad elementor-widget elementor-widget-text-editor\" data-id=\"aa776ad\" data-element_type=\"widget\" data-widget_type=\"text-editor.default\">\n\t\t\t\t<div class=\"elementor-widget-container\">\n\t\t\t\t\t\t\t\t\t<p>W iQGrid wierzymy, \u017ce elektryfikacja nie jest mrzonk\u0105 &#8211; to strategiczny wyb\u00f3r, kt\u00f3ry pomaga firmom i gospodarstwom domowym i\u015b\u0107 naprz\u00f3d ju\u017c dzi\u015b. Nasz\u0105 misj\u0105 jest uniezale\u017cnienie ludzi od paliw kopalnych i nieprzewidywalnych koszt\u00f3w energii. Dzi\u0119ki inteligentnym systemom magazynowania, kontroli i optymalizacji przywracamy kontrol\u0119 tam, gdzie nale\u017cy: do u\u017cytkownika.  <\/p><p>Poniewa\u017c sama technologia nie wystarczy. Bez inteligentnego systemu zarz\u0105dzania energi\u0105 nawet najlepsza bateria lub falownik pozostaj\u0105 niewykorzystane. iQGrid jest ogniwem \u0142\u0105cz\u0105cym: upewniamy si\u0119, \u017ce Twoje rozwi\u0105zania energetyczne naprawd\u0119 ze sob\u0105 wsp\u00f3\u0142pracuj\u0105. Dzi\u0119ki naszemu oprogramowaniu i inteligentnym algorytmom optymalnie wykorzystujesz ka\u017cdy kilowat &#8211; we w\u0142a\u015bciwym czasie i za odpowiedni\u0105 cen\u0119.   <\/p><p>Nasze systemy zosta\u0142y zaprojektowane z my\u015bl\u0105 o u\u017cytkowniku: intuicyjne, przejrzyste i w pe\u0142ni zintegrowane. Od paneli s\u0142onecznych po magazynowanie baterii i inteligentne sterowanie oparte na taryfach w czasie rzeczywistym &#8211; wszystko dzia\u0142a razem w jednym przyjaznym dla u\u017cytkownika \u015brodowisku. <\/p><p>Za iQGrid stoi zesp\u00f3\u0142 z g\u0142\u0119boko zakorzenion\u0105 wiedz\u0105 na temat technologii energetycznych, zr\u00f3wnowa\u017conych innowacji i integracji system\u00f3w. Wieloletnie do\u015bwiadczenie w z\u0142o\u017conych systemach energetycznych, techniczne wykszta\u0142cenie akademickie i dba\u0142o\u015b\u0107 o \u0142atwo\u015b\u0107 obs\u0142ugi zapewniaj\u0105, \u017ce iQGrid nie tylko dzia\u0142a, ale wyr\u00f3\u017cnia si\u0119 prostot\u0105 i niezawodno\u015bci\u0105. <\/p><p>Zapewniamy technologi\u0119, dzi\u0119ki kt\u00f3rej mo\u017cesz kontrolowa\u0107 swoj\u0105 energi\u0119 &#8211; bez k\u0142opot\u00f3w.<\/p>\t\t\t\t\t\t\t\t<\/div>\n\t\t\t\t<\/div>\n\t\t\t\t<div class=\"elementor-element elementor-element-d779f2a elementor-widget elementor-widget-button\" data-id=\"d779f2a\" data-element_type=\"widget\" data-widget_type=\"button.default\">\n\t\t\t\t<div class=\"elementor-widget-container\">\n\t\t\t\t\t\t\t\t\t<div class=\"elementor-button-wrapper\">\n\t\t\t\t\t<a class=\"elementor-button elementor-button-link elementor-size-sm\" href=\"https:\/\/iqgrid.nl\/contact\/\">\n\t\t\t\t\t\t<span class=\"elementor-button-content-wrapper\">\n\t\t\t\t\t\t\t\t\t<span class=\"elementor-button-text\">Skontaktuj si\u0119 z nami<\/span>\n\t\t\t\t\t<\/span>\n\t\t\t\t\t<\/a>\n\t\t\t\t<\/div>\n\t\t\t\t\t\t\t\t<\/div>\n\t\t\t\t<\/div>\n\t\t\t\t<\/div>\n\t\t<div class=\"elementor-element elementor-element-5da67be e-con-full e-flex e-con e-child\" data-id=\"5da67be\" data-element_type=\"container\">\n\t\t\t\t<div class=\"elementor-element elementor-element-af0be4b elementor-invisible elementor-widget elementor-widget-image\" data-id=\"af0be4b\" data-element_type=\"widget\" data-settings=\"{&quot;_animation&quot;:&quot;slideInRight&quot;}\" data-widget_type=\"image.default\">\n\t\t\t\t<div class=\"elementor-widget-container\">\n\t\t\t\t\t\t\t\t\t\t\t\t\t\t\t<img fetchpriority=\"high\" decoding=\"async\" width=\"467\" height=\"600\" src=\"https:\/\/iqgrid.nl\/wp-content\/uploads\/2025\/01\/Visual-vrouw-1.webp\" class=\"attachment-full size-full wp-image-1231\" alt=\"Locatie iQGrid\" srcset=\"https:\/\/iqgrid.nl\/wp-content\/uploads\/2025\/01\/Visual-vrouw-1.webp 467w, https:\/\/iqgrid.nl\/wp-content\/uploads\/2025\/01\/Visual-vrouw-1-234x300.webp 234w\" sizes=\"(max-width: 467px) 100vw, 467px\" \/>\t\t\t\t\t\t\t\t\t\t\t\t\t\t\t<\/div>\n\t\t\t\t<\/div>\n\t\t\t\t<\/div>\n\t\t\t\t\t<\/div>\n\t\t\t\t<\/div>\n\t\t\t\t<\/div>\n\t\t","protected":false},"excerpt":{"rendered":"<p>O nas Informacje o iQGrid W iQGrid wierzymy, \u017ce elektryfikacja nie jest mrzonk\u0105 &#8211; to strategiczny wyb\u00f3r, kt\u00f3ry pomaga firmom [&hellip;]<\/p>\n","protected":false},"author":1,"featured_media":0,"parent":0,"menu_order":0,"comment_status":"closed","ping_status":"closed","template":"","meta":{"site-sidebar-layout":"no-sidebar","site-content-layout":"","ast-site-content-layout":"full-width-container","site-content-style":"default","site-sidebar-style":"default","ast-global-header-display":"","ast-banner-title-visibility":"","ast-main-header-display":"","ast-hfb-above-header-display":"","ast-hfb-below-header-display":"","ast-hfb-mobile-header-display":"","site-post-title":"disabled","ast-breadcrumbs-content":"","ast-featured-img":"disabled","footer-sml-layout":"","ast-disable-related-posts":"","theme-transparent-header-meta":"","adv-header-id-meta":"","stick-header-meta":"","header-above-stick-meta":"","header-main-stick-meta":"","header-below-stick-meta":"","astra-migrate-meta-layouts":"default","ast-page-background-enabled":"default","ast-page-background-meta":{"desktop":{"background-color":"var(--ast-global-color-5)","background-image":"","background-repeat":"repeat","background-position":"center center","background-size":"auto","background-attachment":"scroll","background-type":"","background-media":"","overlay-type":"","overlay-color":"","overlay-opacity":"","overlay-gradient":""},"tablet":{"background-color":"","background-image":"","background-repeat":"repeat","background-position":"center center","background-size":"auto","background-attachment":"scroll","background-type":"","background-media":"","overlay-type":"","overlay-color":"","overlay-opacity":"","overlay-gradient":""},"mobile":{"background-color":"","background-image":"","background-repeat":"repeat","background-position":"center center","background-size":"auto","background-attachment":"scroll","background-type":"","background-media":"","overlay-type":"","overlay-color":"","overlay-opacity":"","overlay-gradient":""}},"ast-content-background-meta":{"desktop":{"background-color":"var(--ast-global-color-4)","background-image":"","background-repeat":"repeat","background-position":"center center","background-size":"auto","background-attachment":"scroll","background-type":"","background-media":"","overlay-type":"","overlay-color":"","overlay-opacity":"","overlay-gradient":""},"tablet":{"background-color":"var(--ast-global-color-4)","background-image":"","background-repeat":"repeat","background-position":"center center","background-size":"auto","background-attachment":"scroll","background-type":"","background-media":"","overlay-type":"","overlay-color":"","overlay-opacity":"","overlay-gradient":""},"mobile":{"background-color":"var(--ast-global-color-4)","background-image":"","background-repeat":"repeat","background-position":"center center","background-size":"auto","background-attachment":"scroll","background-type":"","background-media":"","overlay-type":"","overlay-color":"","overlay-opacity":"","overlay-gradient":""}},"footnotes":""},"class_list":["post-2132","page","type-page","status-publish","hentry"],"yoast_head":"<!-- This site is optimized with the Yoast SEO plugin v26.5 - https:\/\/yoast.com\/wordpress\/plugins\/seo\/ -->\n<title>O nas - iQGrid<\/title>\n<meta name=\"description\" content=\"W iQGrid wierzymy, \u017ce elektryfikacja nie jest mrzonk\u0105 - to strategiczny wyb\u00f3r, kt\u00f3ry pomaga firmom i gospodarstwom domowym i\u015b\u0107 naprz\u00f3d ju\u017c dzi\u015b. Nasz\u0105 misj\u0105 jest uniezale\u017cnienie ludzi od paliw kopalnych i nieprzewidywalnych koszt\u00f3w energii. Dzi\u0119ki inteligentnym systemom magazynowania, kontroli i optymalizacji przywracamy kontrol\u0119 tam, gdzie nale\u017cy: do u\u017cytkownika.\" \/>\n<meta name=\"robots\" content=\"index, follow, max-snippet:-1, max-image-preview:large, max-video-preview:-1\" \/>\n<link rel=\"canonical\" href=\"https:\/\/iqgrid.nl\/pl\/o-nas\/\" \/>\n<meta property=\"og:locale\" content=\"pl_PL\" \/>\n<meta property=\"og:type\" content=\"article\" \/>\n<meta property=\"og:title\" content=\"O nas - iQGrid\" \/>\n<meta property=\"og:description\" content=\"W iQGrid wierzymy, \u017ce elektryfikacja nie jest mrzonk\u0105 - to strategiczny wyb\u00f3r, kt\u00f3ry pomaga firmom i gospodarstwom domowym i\u015b\u0107 naprz\u00f3d ju\u017c dzi\u015b. Nasz\u0105 misj\u0105 jest uniezale\u017cnienie ludzi od paliw kopalnych i nieprzewidywalnych koszt\u00f3w energii. Dzi\u0119ki inteligentnym systemom magazynowania, kontroli i optymalizacji przywracamy kontrol\u0119 tam, gdzie nale\u017cy: do u\u017cytkownika.\" \/>\n<meta property=\"og:url\" content=\"https:\/\/iqgrid.nl\/pl\/o-nas\/\" \/>\n<meta property=\"og:site_name\" content=\"iQGrid\" \/>\n<meta property=\"article:modified_time\" content=\"2025-05-27T07:46:26+00:00\" \/>\n<meta property=\"og:image\" content=\"https:\/\/iqgrid.nl\/wp-content\/uploads\/2025\/01\/Visual-vrouw-1.webp\" \/>\n<meta name=\"twitter:card\" content=\"summary_large_image\" \/>\n<meta name=\"twitter:label1\" content=\"Szacowany czas czytania\" \/>\n\t<meta name=\"twitter:data1\" content=\"1 minuta\" \/>\n<script type=\"application\/ld+json\" class=\"yoast-schema-graph\">{\"@context\":\"https:\/\/schema.org\",\"@graph\":[{\"@type\":\"WebPage\",\"@id\":\"https:\/\/iqgrid.nl\/pl\/o-nas\/\",\"url\":\"https:\/\/iqgrid.nl\/pl\/o-nas\/\",\"name\":\"O nas - iQGrid\",\"isPartOf\":{\"@id\":\"https:\/\/iqgrid.nl\/pl\/#website\"},\"primaryImageOfPage\":{\"@id\":\"https:\/\/iqgrid.nl\/pl\/o-nas\/#primaryimage\"},\"image\":{\"@id\":\"https:\/\/iqgrid.nl\/pl\/o-nas\/#primaryimage\"},\"thumbnailUrl\":\"https:\/\/iqgrid.nl\/wp-content\/uploads\/2025\/01\/Visual-vrouw-1.webp\",\"datePublished\":\"2025-01-13T14:52:32+00:00\",\"dateModified\":\"2025-05-27T07:46:26+00:00\",\"description\":\"W iQGrid wierzymy, \u017ce elektryfikacja nie jest mrzonk\u0105 - to strategiczny wyb\u00f3r, kt\u00f3ry pomaga firmom i gospodarstwom domowym i\u015b\u0107 naprz\u00f3d ju\u017c dzi\u015b. Nasz\u0105 misj\u0105 jest uniezale\u017cnienie ludzi od paliw kopalnych i nieprzewidywalnych koszt\u00f3w energii. Dzi\u0119ki inteligentnym systemom magazynowania, kontroli i optymalizacji przywracamy kontrol\u0119 tam, gdzie nale\u017cy: do u\u017cytkownika.\",\"breadcrumb\":{\"@id\":\"https:\/\/iqgrid.nl\/pl\/o-nas\/#breadcrumb\"},\"inLanguage\":\"pl-PL\",\"potentialAction\":[{\"@type\":\"ReadAction\",\"target\":[\"https:\/\/iqgrid.nl\/pl\/o-nas\/\"]}]},{\"@type\":\"ImageObject\",\"inLanguage\":\"pl-PL\",\"@id\":\"https:\/\/iqgrid.nl\/pl\/o-nas\/#primaryimage\",\"url\":\"https:\/\/iqgrid.nl\/wp-content\/uploads\/2025\/01\/Visual-vrouw-1.webp\",\"contentUrl\":\"https:\/\/iqgrid.nl\/wp-content\/uploads\/2025\/01\/Visual-vrouw-1.webp\"},{\"@type\":\"BreadcrumbList\",\"@id\":\"https:\/\/iqgrid.nl\/pl\/o-nas\/#breadcrumb\",\"itemListElement\":[{\"@type\":\"ListItem\",\"position\":1,\"name\":\"Strona g\u0142\u00f3wna\",\"item\":\"https:\/\/iqgrid.nl\/pl\/\"},{\"@type\":\"ListItem\",\"position\":2,\"name\":\"O nas\"}]},{\"@type\":\"WebSite\",\"@id\":\"https:\/\/iqgrid.nl\/pl\/#website\",\"url\":\"https:\/\/iqgrid.nl\/pl\/\",\"name\":\"iQGrid\",\"description\":\"Inteligentne zarz\u0105dzanie energi\u0105\",\"publisher\":{\"@id\":\"https:\/\/iqgrid.nl\/pl\/#organization\"},\"potentialAction\":[{\"@type\":\"SearchAction\",\"target\":{\"@type\":\"EntryPoint\",\"urlTemplate\":\"https:\/\/iqgrid.nl\/pl\/?s={search_term_string}\"},\"query-input\":{\"@type\":\"PropertyValueSpecification\",\"valueRequired\":true,\"valueName\":\"search_term_string\"}}],\"inLanguage\":\"pl-PL\"},{\"@type\":\"Organization\",\"@id\":\"https:\/\/iqgrid.nl\/pl\/#organization\",\"name\":\"iQGrid\",\"url\":\"https:\/\/iqgrid.nl\/pl\/\",\"logo\":{\"@type\":\"ImageObject\",\"inLanguage\":\"pl-PL\",\"@id\":\"https:\/\/iqgrid.nl\/pl\/#\/schema\/logo\/image\/\",\"url\":\"https:\/\/iqgrid.nl\/wp-content\/uploads\/2025\/01\/iQGrid-volledig-scaled-e1736767720883.jpg\",\"contentUrl\":\"https:\/\/iqgrid.nl\/wp-content\/uploads\/2025\/01\/iQGrid-volledig-scaled-e1736767720883.jpg\",\"width\":2560,\"height\":810,\"caption\":\"iQGrid\"},\"image\":{\"@id\":\"https:\/\/iqgrid.nl\/pl\/#\/schema\/logo\/image\/\"}}]}<\/script>\n<!-- \/ Yoast SEO plugin. -->","yoast_head_json":{"title":"O nas - iQGrid","description":"W iQGrid wierzymy, \u017ce elektryfikacja nie jest mrzonk\u0105 - to strategiczny wyb\u00f3r, kt\u00f3ry pomaga firmom i gospodarstwom domowym i\u015b\u0107 naprz\u00f3d ju\u017c dzi\u015b. Nasz\u0105 misj\u0105 jest uniezale\u017cnienie ludzi od paliw kopalnych i nieprzewidywalnych koszt\u00f3w energii. Dzi\u0119ki inteligentnym systemom magazynowania, kontroli i optymalizacji przywracamy kontrol\u0119 tam, gdzie nale\u017cy: do u\u017cytkownika.","robots":{"index":"index","follow":"follow","max-snippet":"max-snippet:-1","max-image-preview":"max-image-preview:large","max-video-preview":"max-video-preview:-1"},"canonical":"https:\/\/iqgrid.nl\/pl\/o-nas\/","og_locale":"pl_PL","og_type":"article","og_title":"O nas - iQGrid","og_description":"W iQGrid wierzymy, \u017ce elektryfikacja nie jest mrzonk\u0105 - to strategiczny wyb\u00f3r, kt\u00f3ry pomaga firmom i gospodarstwom domowym i\u015b\u0107 naprz\u00f3d ju\u017c dzi\u015b. Nasz\u0105 misj\u0105 jest uniezale\u017cnienie ludzi od paliw kopalnych i nieprzewidywalnych koszt\u00f3w energii. Dzi\u0119ki inteligentnym systemom magazynowania, kontroli i optymalizacji przywracamy kontrol\u0119 tam, gdzie nale\u017cy: do u\u017cytkownika.","og_url":"https:\/\/iqgrid.nl\/pl\/o-nas\/","og_site_name":"iQGrid","article_modified_time":"2025-05-27T07:46:26+00:00","og_image":[{"url":"https:\/\/iqgrid.nl\/wp-content\/uploads\/2025\/01\/Visual-vrouw-1.webp","type":"","width":"","height":""}],"twitter_card":"summary_large_image","twitter_misc":{"Szacowany czas czytania":"1 minuta"},"schema":{"@context":"https:\/\/schema.org","@graph":[{"@type":"WebPage","@id":"https:\/\/iqgrid.nl\/pl\/o-nas\/","url":"https:\/\/iqgrid.nl\/pl\/o-nas\/","name":"O nas - iQGrid","isPartOf":{"@id":"https:\/\/iqgrid.nl\/pl\/#website"},"primaryImageOfPage":{"@id":"https:\/\/iqgrid.nl\/pl\/o-nas\/#primaryimage"},"image":{"@id":"https:\/\/iqgrid.nl\/pl\/o-nas\/#primaryimage"},"thumbnailUrl":"https:\/\/iqgrid.nl\/wp-content\/uploads\/2025\/01\/Visual-vrouw-1.webp","datePublished":"2025-01-13T14:52:32+00:00","dateModified":"2025-05-27T07:46:26+00:00","description":"W iQGrid wierzymy, \u017ce elektryfikacja nie jest mrzonk\u0105 - to strategiczny wyb\u00f3r, kt\u00f3ry pomaga firmom i gospodarstwom domowym i\u015b\u0107 naprz\u00f3d ju\u017c dzi\u015b. Nasz\u0105 misj\u0105 jest uniezale\u017cnienie ludzi od paliw kopalnych i nieprzewidywalnych koszt\u00f3w energii. Dzi\u0119ki inteligentnym systemom magazynowania, kontroli i optymalizacji przywracamy kontrol\u0119 tam, gdzie nale\u017cy: do u\u017cytkownika.","breadcrumb":{"@id":"https:\/\/iqgrid.nl\/pl\/o-nas\/#breadcrumb"},"inLanguage":"pl-PL","potentialAction":[{"@type":"ReadAction","target":["https:\/\/iqgrid.nl\/pl\/o-nas\/"]}]},{"@type":"ImageObject","inLanguage":"pl-PL","@id":"https:\/\/iqgrid.nl\/pl\/o-nas\/#primaryimage","url":"https:\/\/iqgrid.nl\/wp-content\/uploads\/2025\/01\/Visual-vrouw-1.webp","contentUrl":"https:\/\/iqgrid.nl\/wp-content\/uploads\/2025\/01\/Visual-vrouw-1.webp"},{"@type":"BreadcrumbList","@id":"https:\/\/iqgrid.nl\/pl\/o-nas\/#breadcrumb","itemListElement":[{"@type":"ListItem","position":1,"name":"Strona g\u0142\u00f3wna","item":"https:\/\/iqgrid.nl\/pl\/"},{"@type":"ListItem","position":2,"name":"O nas"}]},{"@type":"WebSite","@id":"https:\/\/iqgrid.nl\/pl\/#website","url":"https:\/\/iqgrid.nl\/pl\/","name":"iQGrid","description":"Inteligentne zarz\u0105dzanie energi\u0105","publisher":{"@id":"https:\/\/iqgrid.nl\/pl\/#organization"},"potentialAction":[{"@type":"SearchAction","target":{"@type":"EntryPoint","urlTemplate":"https:\/\/iqgrid.nl\/pl\/?s={search_term_string}"},"query-input":{"@type":"PropertyValueSpecification","valueRequired":true,"valueName":"search_term_string"}}],"inLanguage":"pl-PL"},{"@type":"Organization","@id":"https:\/\/iqgrid.nl\/pl\/#organization","name":"iQGrid","url":"https:\/\/iqgrid.nl\/pl\/","logo":{"@type":"ImageObject","inLanguage":"pl-PL","@id":"https:\/\/iqgrid.nl\/pl\/#\/schema\/logo\/image\/","url":"https:\/\/iqgrid.nl\/wp-content\/uploads\/2025\/01\/iQGrid-volledig-scaled-e1736767720883.jpg","contentUrl":"https:\/\/iqgrid.nl\/wp-content\/uploads\/2025\/01\/iQGrid-volledig-scaled-e1736767720883.jpg","width":2560,"height":810,"caption":"iQGrid"},"image":{"@id":"https:\/\/iqgrid.nl\/pl\/#\/schema\/logo\/image\/"}}]}},"_links":{"self":[{"href":"https:\/\/iqgrid.nl\/pl\/wp-json\/wp\/v2\/pages\/2132","targetHints":{"allow":["GET"]}}],"collection":[{"href":"https:\/\/iqgrid.nl\/pl\/wp-json\/wp\/v2\/pages"}],"about":[{"href":"https:\/\/iqgrid.nl\/pl\/wp-json\/wp\/v2\/types\/page"}],"author":[{"embeddable":true,"href":"https:\/\/iqgrid.nl\/pl\/wp-json\/wp\/v2\/users\/1"}],"replies":[{"embeddable":true,"href":"https:\/\/iqgrid.nl\/pl\/wp-json\/wp\/v2\/comments?post=2132"}],"version-history":[{"count":2,"href":"https:\/\/iqgrid.nl\/pl\/wp-json\/wp\/v2\/pages\/2132\/revisions"}],"predecessor-version":[{"id":2134,"href":"https:\/\/iqgrid.nl\/pl\/wp-json\/wp\/v2\/pages\/2132\/revisions\/2134"}],"wp:attachment":[{"href":"https:\/\/iqgrid.nl\/pl\/wp-json\/wp\/v2\/media?parent=2132"}],"curies":[{"name":"wp","href":"https:\/\/api.w.org\/{rel}","templated":true}]}}