{"id":2284,"date":"2025-01-13T14:38:33","date_gmt":"2025-01-13T14:38:33","guid":{"rendered":"https:\/\/iqgrid.nl\/instalatorzy\/"},"modified":"2025-05-27T07:52:59","modified_gmt":"2025-05-27T07:52:59","slug":"instalatorzy","status":"publish","type":"page","link":"https:\/\/iqgrid.nl\/pl\/instalatorzy\/","title":{"rendered":"Instalatorzy"},"content":{"rendered":"\t\t<div data-elementor-type=\"wp-page\" data-elementor-id=\"2284\" class=\"elementor elementor-2284 elementor-86\" data-elementor-post-type=\"page\">\n\t\t\t\t<div class=\"elementor-element elementor-element-3a4ebbb e-flex e-con-boxed e-con e-parent\" data-id=\"3a4ebbb\" data-element_type=\"container\" data-settings=\"{&quot;background_background&quot;:&quot;classic&quot;}\">\n\t\t\t\t\t<div class=\"e-con-inner\">\n\t\t\t\t<div class=\"elementor-element elementor-element-b269338 elementor-widget elementor-widget-heading\" data-id=\"b269338\" data-element_type=\"widget\" data-widget_type=\"heading.default\">\n\t\t\t\t<div class=\"elementor-widget-container\">\n\t\t\t\t\t<h2 class=\"elementor-heading-title elementor-size-default\">Dealerzy<\/h2>\t\t\t\t<\/div>\n\t\t\t\t<\/div>\n\t\t\t\t\t<\/div>\n\t\t\t\t<\/div>\n\t\t<div class=\"elementor-element elementor-element-5aa8224 e-flex e-con-boxed e-con e-parent\" data-id=\"5aa8224\" data-element_type=\"container\">\n\t\t\t\t\t<div class=\"e-con-inner\">\n\t\t\t\t<div class=\"elementor-element elementor-element-7bb863a elementor-widget elementor-widget-text-editor\" data-id=\"7bb863a\" data-element_type=\"widget\" data-widget_type=\"text-editor.default\">\n\t\t\t\t<div class=\"elementor-widget-container\">\n\t\t\t\t\t\t\t\t\t<p>Aby zapewni\u0107 jako\u015b\u0107 naszych produkt\u00f3w i us\u0142ug, wsp\u00f3\u0142pracujemy z sieci\u0105 certyfikowanych instalator\u00f3w.<\/p><ul><li><strong>Zatwierdzeni instalatorzy:<\/strong> Nasi partnerzy zostali starannie wybrani i przeszkoleni w zakresie instalacji system\u00f3w iQGrid.<\/li><li><strong>Wsparcie techniczne:<\/strong> Instalatorzy maj\u0105 dost\u0119p do kompleksowego <strong>wsparcia<\/strong> technicznego <strong>i dokumentacji<\/strong>.<\/li><li><strong>Zosta\u0144 partnerem:<\/strong> Zawsze szukamy nowych instalator\u00f3w, aby rozszerzy\u0107 nasz\u0105 sie\u0107. Chcesz by\u0107 cz\u0119\u015bci\u0105 rozwijaj\u0105cego si\u0119 rynku? Skontaktuj si\u0119 z nami!  <\/li><\/ul><p>Instalatorzy iQGrid gwarantuj\u0105 jako\u015b\u0107, niezawodno\u015b\u0107 i serwis.<\/p>\t\t\t\t\t\t\t\t<\/div>\n\t\t\t\t<\/div>\n\t\t\t\t\t<\/div>\n\t\t\t\t<\/div>\n\t\t<div class=\"elementor-element elementor-element-df6bce6 e-flex e-con-boxed e-con e-parent\" data-id=\"df6bce6\" data-element_type=\"container\">\n\t\t\t\t\t<div class=\"e-con-inner\">\n\t\t<div class=\"elementor-element elementor-element-7dd0cee e-con-full e-flex e-con e-child\" data-id=\"7dd0cee\" data-element_type=\"container\">\n\t\t\t\t<div class=\"elementor-element elementor-element-445458c elementor-widget elementor-widget-image\" data-id=\"445458c\" data-element_type=\"widget\" data-widget_type=\"image.default\">\n\t\t\t\t<div class=\"elementor-widget-container\">\n\t\t\t\t\t\t\t\t\t\t\t\t\t\t\t<img decoding=\"async\" width=\"151\" height=\"118\" src=\"https:\/\/iqgrid.nl\/wp-content\/uploads\/2025\/01\/image002-2.png\" class=\"attachment-full size-full wp-image-1219\" alt=\"Logo DuraSolar\" \/>\t\t\t\t\t\t\t\t\t\t\t\t\t\t\t<\/div>\n\t\t\t\t<\/div>\n\t\t\t\t<\/div>\n\t\t<div class=\"elementor-element elementor-element-b315bc2 e-con-full e-flex e-con e-child\" data-id=\"b315bc2\" data-element_type=\"container\">\n\t\t\t\t<div class=\"elementor-element elementor-element-9dcac85 elementor-widget elementor-widget-image\" data-id=\"9dcac85\" data-element_type=\"widget\" data-widget_type=\"image.default\">\n\t\t\t\t<div class=\"elementor-widget-container\">\n\t\t\t\t\t\t\t\t\t\t\t\t\t\t\t<img fetchpriority=\"high\" decoding=\"async\" width=\"2361\" height=\"441\" src=\"https:\/\/iqgrid.nl\/wp-content\/uploads\/2025\/04\/Logo-Buiting-Elektrotechniek.png\" class=\"attachment-full size-full wp-image-1327\" alt=\"\" srcset=\"https:\/\/iqgrid.nl\/wp-content\/uploads\/2025\/04\/Logo-Buiting-Elektrotechniek.png 2361w, https:\/\/iqgrid.nl\/wp-content\/uploads\/2025\/04\/Logo-Buiting-Elektrotechniek-300x56.png 300w, https:\/\/iqgrid.nl\/wp-content\/uploads\/2025\/04\/Logo-Buiting-Elektrotechniek-1024x191.png 1024w, https:\/\/iqgrid.nl\/wp-content\/uploads\/2025\/04\/Logo-Buiting-Elektrotechniek-768x143.png 768w, https:\/\/iqgrid.nl\/wp-content\/uploads\/2025\/04\/Logo-Buiting-Elektrotechniek-1536x287.png 1536w, https:\/\/iqgrid.nl\/wp-content\/uploads\/2025\/04\/Logo-Buiting-Elektrotechniek-2048x383.png 2048w\" sizes=\"(max-width: 2361px) 100vw, 2361px\" \/>\t\t\t\t\t\t\t\t\t\t\t\t\t\t\t<\/div>\n\t\t\t\t<\/div>\n\t\t\t\t<\/div>\n\t\t\t\t\t<\/div>\n\t\t\t\t<\/div>\n\t\t\t\t<\/div>\n\t\t","protected":false},"excerpt":{"rendered":"<p>Dealerzy Aby zapewni\u0107 jako\u015b\u0107 naszych produkt\u00f3w i us\u0142ug, wsp\u00f3\u0142pracujemy z sieci\u0105 certyfikowanych instalator\u00f3w. Zatwierdzeni instalatorzy: Nasi partnerzy zostali starannie wybrani [&hellip;]<\/p>\n","protected":false},"author":1,"featured_media":0,"parent":0,"menu_order":0,"comment_status":"closed","ping_status":"closed","template":"","meta":{"site-sidebar-layout":"no-sidebar","site-content-layout":"","ast-site-content-layout":"full-width-container","site-content-style":"default","site-sidebar-style":"default","ast-global-header-display":"","ast-banner-title-visibility":"","ast-main-header-display":"","ast-hfb-above-header-display":"","ast-hfb-below-header-display":"","ast-hfb-mobile-header-display":"","site-post-title":"disabled","ast-breadcrumbs-content":"","ast-featured-img":"disabled","footer-sml-layout":"","ast-disable-related-posts":"","theme-transparent-header-meta":"","adv-header-id-meta":"","stick-header-meta":"","header-above-stick-meta":"","header-main-stick-meta":"","header-below-stick-meta":"","astra-migrate-meta-layouts":"default","ast-page-background-enabled":"default","ast-page-background-meta":{"desktop":{"background-color":"var(--ast-global-color-5)","background-image":"","background-repeat":"repeat","background-position":"center center","background-size":"auto","background-attachment":"scroll","background-type":"","background-media":"","overlay-type":"","overlay-color":"","overlay-opacity":"","overlay-gradient":""},"tablet":{"background-color":"","background-image":"","background-repeat":"repeat","background-position":"center center","background-size":"auto","background-attachment":"scroll","background-type":"","background-media":"","overlay-type":"","overlay-color":"","overlay-opacity":"","overlay-gradient":""},"mobile":{"background-color":"","background-image":"","background-repeat":"repeat","background-position":"center center","background-size":"auto","background-attachment":"scroll","background-type":"","background-media":"","overlay-type":"","overlay-color":"","overlay-opacity":"","overlay-gradient":""}},"ast-content-background-meta":{"desktop":{"background-color":"var(--ast-global-color-4)","background-image":"","background-repeat":"repeat","background-position":"center center","background-size":"auto","background-attachment":"scroll","background-type":"","background-media":"","overlay-type":"","overlay-color":"","overlay-opacity":"","overlay-gradient":""},"tablet":{"background-color":"var(--ast-global-color-4)","background-image":"","background-repeat":"repeat","background-position":"center center","background-size":"auto","background-attachment":"scroll","background-type":"","background-media":"","overlay-type":"","overlay-color":"","overlay-opacity":"","overlay-gradient":""},"mobile":{"background-color":"var(--ast-global-color-4)","background-image":"","background-repeat":"repeat","background-position":"center center","background-size":"auto","background-attachment":"scroll","background-type":"","background-media":"","overlay-type":"","overlay-color":"","overlay-opacity":"","overlay-gradient":""}},"footnotes":""},"class_list":["post-2284","page","type-page","status-publish","hentry"],"yoast_head":"<!-- This site is optimized with the Yoast SEO plugin v26.5 - https:\/\/yoast.com\/wordpress\/plugins\/seo\/ -->\n<title>Instalatorzy - iQGrid<\/title>\n<meta name=\"description\" content=\"Nasi partnerzy s\u0105 starannie dobierani i szkoleni w zakresie instalacji system\u00f3w iQGrid. Wsparcie techniczne: Instalatorzy maj\u0105 dost\u0119p do kompleksowego wsparcia technicznego i dokumentacji. Zawsze szukamy nowych instalator\u00f3w, aby rozszerzy\u0107 nasz\u0105 sie\u0107. Chcesz by\u0107 cz\u0119\u015bci\u0105 rozwijaj\u0105cego si\u0119 rynku?\" \/>\n<meta name=\"robots\" content=\"index, follow, max-snippet:-1, max-image-preview:large, max-video-preview:-1\" \/>\n<link rel=\"canonical\" href=\"https:\/\/iqgrid.nl\/pl\/instalatorzy\/\" \/>\n<meta property=\"og:locale\" content=\"pl_PL\" \/>\n<meta property=\"og:type\" content=\"article\" \/>\n<meta property=\"og:title\" content=\"Instalatorzy - iQGrid\" \/>\n<meta property=\"og:description\" content=\"Nasi partnerzy s\u0105 starannie dobierani i szkoleni w zakresie instalacji system\u00f3w iQGrid. Wsparcie techniczne: Instalatorzy maj\u0105 dost\u0119p do kompleksowego wsparcia technicznego i dokumentacji. Zawsze szukamy nowych instalator\u00f3w, aby rozszerzy\u0107 nasz\u0105 sie\u0107. Chcesz by\u0107 cz\u0119\u015bci\u0105 rozwijaj\u0105cego si\u0119 rynku?\" \/>\n<meta property=\"og:url\" content=\"https:\/\/iqgrid.nl\/pl\/instalatorzy\/\" \/>\n<meta property=\"og:site_name\" content=\"iQGrid\" \/>\n<meta property=\"article:modified_time\" content=\"2025-05-27T07:52:59+00:00\" \/>\n<meta property=\"og:image\" content=\"https:\/\/iqgrid.nl\/wp-content\/uploads\/2025\/01\/image002-2.png\" \/>\n<meta name=\"twitter:card\" content=\"summary_large_image\" \/>\n<script type=\"application\/ld+json\" class=\"yoast-schema-graph\">{\"@context\":\"https:\/\/schema.org\",\"@graph\":[{\"@type\":\"WebPage\",\"@id\":\"https:\/\/iqgrid.nl\/pl\/instalatorzy\/\",\"url\":\"https:\/\/iqgrid.nl\/pl\/instalatorzy\/\",\"name\":\"Instalatorzy - iQGrid\",\"isPartOf\":{\"@id\":\"https:\/\/iqgrid.nl\/pl\/#website\"},\"primaryImageOfPage\":{\"@id\":\"https:\/\/iqgrid.nl\/pl\/instalatorzy\/#primaryimage\"},\"image\":{\"@id\":\"https:\/\/iqgrid.nl\/pl\/instalatorzy\/#primaryimage\"},\"thumbnailUrl\":\"https:\/\/iqgrid.nl\/wp-content\/uploads\/2025\/01\/image002-2.png\",\"datePublished\":\"2025-01-13T14:38:33+00:00\",\"dateModified\":\"2025-05-27T07:52:59+00:00\",\"description\":\"Nasi partnerzy s\u0105 starannie dobierani i szkoleni w zakresie instalacji system\u00f3w iQGrid. Wsparcie techniczne: Instalatorzy maj\u0105 dost\u0119p do kompleksowego wsparcia technicznego i dokumentacji. Zawsze szukamy nowych instalator\u00f3w, aby rozszerzy\u0107 nasz\u0105 sie\u0107. Chcesz by\u0107 cz\u0119\u015bci\u0105 rozwijaj\u0105cego si\u0119 rynku?\",\"breadcrumb\":{\"@id\":\"https:\/\/iqgrid.nl\/pl\/instalatorzy\/#breadcrumb\"},\"inLanguage\":\"pl-PL\",\"potentialAction\":[{\"@type\":\"ReadAction\",\"target\":[\"https:\/\/iqgrid.nl\/pl\/instalatorzy\/\"]}]},{\"@type\":\"ImageObject\",\"inLanguage\":\"pl-PL\",\"@id\":\"https:\/\/iqgrid.nl\/pl\/instalatorzy\/#primaryimage\",\"url\":\"https:\/\/iqgrid.nl\/wp-content\/uploads\/2025\/01\/image002-2.png\",\"contentUrl\":\"https:\/\/iqgrid.nl\/wp-content\/uploads\/2025\/01\/image002-2.png\"},{\"@type\":\"BreadcrumbList\",\"@id\":\"https:\/\/iqgrid.nl\/pl\/instalatorzy\/#breadcrumb\",\"itemListElement\":[{\"@type\":\"ListItem\",\"position\":1,\"name\":\"Strona g\u0142\u00f3wna\",\"item\":\"https:\/\/iqgrid.nl\/pl\/\"},{\"@type\":\"ListItem\",\"position\":2,\"name\":\"Instalatorzy\"}]},{\"@type\":\"WebSite\",\"@id\":\"https:\/\/iqgrid.nl\/pl\/#website\",\"url\":\"https:\/\/iqgrid.nl\/pl\/\",\"name\":\"iQGrid\",\"description\":\"Inteligentne zarz\u0105dzanie energi\u0105\",\"publisher\":{\"@id\":\"https:\/\/iqgrid.nl\/pl\/#organization\"},\"potentialAction\":[{\"@type\":\"SearchAction\",\"target\":{\"@type\":\"EntryPoint\",\"urlTemplate\":\"https:\/\/iqgrid.nl\/pl\/?s={search_term_string}\"},\"query-input\":{\"@type\":\"PropertyValueSpecification\",\"valueRequired\":true,\"valueName\":\"search_term_string\"}}],\"inLanguage\":\"pl-PL\"},{\"@type\":\"Organization\",\"@id\":\"https:\/\/iqgrid.nl\/pl\/#organization\",\"name\":\"iQGrid\",\"url\":\"https:\/\/iqgrid.nl\/pl\/\",\"logo\":{\"@type\":\"ImageObject\",\"inLanguage\":\"pl-PL\",\"@id\":\"https:\/\/iqgrid.nl\/pl\/#\/schema\/logo\/image\/\",\"url\":\"https:\/\/iqgrid.nl\/wp-content\/uploads\/2025\/01\/iQGrid-volledig-scaled-e1736767720883.jpg\",\"contentUrl\":\"https:\/\/iqgrid.nl\/wp-content\/uploads\/2025\/01\/iQGrid-volledig-scaled-e1736767720883.jpg\",\"width\":2560,\"height\":810,\"caption\":\"iQGrid\"},\"image\":{\"@id\":\"https:\/\/iqgrid.nl\/pl\/#\/schema\/logo\/image\/\"}}]}<\/script>\n<!-- \/ Yoast SEO plugin. -->","yoast_head_json":{"title":"Instalatorzy - iQGrid","description":"Nasi partnerzy s\u0105 starannie dobierani i szkoleni w zakresie instalacji system\u00f3w iQGrid. Wsparcie techniczne: Instalatorzy maj\u0105 dost\u0119p do kompleksowego wsparcia technicznego i dokumentacji. Zawsze szukamy nowych instalator\u00f3w, aby rozszerzy\u0107 nasz\u0105 sie\u0107. Chcesz by\u0107 cz\u0119\u015bci\u0105 rozwijaj\u0105cego si\u0119 rynku?","robots":{"index":"index","follow":"follow","max-snippet":"max-snippet:-1","max-image-preview":"max-image-preview:large","max-video-preview":"max-video-preview:-1"},"canonical":"https:\/\/iqgrid.nl\/pl\/instalatorzy\/","og_locale":"pl_PL","og_type":"article","og_title":"Instalatorzy - iQGrid","og_description":"Nasi partnerzy s\u0105 starannie dobierani i szkoleni w zakresie instalacji system\u00f3w iQGrid. Wsparcie techniczne: Instalatorzy maj\u0105 dost\u0119p do kompleksowego wsparcia technicznego i dokumentacji. Zawsze szukamy nowych instalator\u00f3w, aby rozszerzy\u0107 nasz\u0105 sie\u0107. Chcesz by\u0107 cz\u0119\u015bci\u0105 rozwijaj\u0105cego si\u0119 rynku?","og_url":"https:\/\/iqgrid.nl\/pl\/instalatorzy\/","og_site_name":"iQGrid","article_modified_time":"2025-05-27T07:52:59+00:00","og_image":[{"url":"https:\/\/iqgrid.nl\/wp-content\/uploads\/2025\/01\/image002-2.png","type":"","width":"","height":""}],"twitter_card":"summary_large_image","schema":{"@context":"https:\/\/schema.org","@graph":[{"@type":"WebPage","@id":"https:\/\/iqgrid.nl\/pl\/instalatorzy\/","url":"https:\/\/iqgrid.nl\/pl\/instalatorzy\/","name":"Instalatorzy - iQGrid","isPartOf":{"@id":"https:\/\/iqgrid.nl\/pl\/#website"},"primaryImageOfPage":{"@id":"https:\/\/iqgrid.nl\/pl\/instalatorzy\/#primaryimage"},"image":{"@id":"https:\/\/iqgrid.nl\/pl\/instalatorzy\/#primaryimage"},"thumbnailUrl":"https:\/\/iqgrid.nl\/wp-content\/uploads\/2025\/01\/image002-2.png","datePublished":"2025-01-13T14:38:33+00:00","dateModified":"2025-05-27T07:52:59+00:00","description":"Nasi partnerzy s\u0105 starannie dobierani i szkoleni w zakresie instalacji system\u00f3w iQGrid. Wsparcie techniczne: Instalatorzy maj\u0105 dost\u0119p do kompleksowego wsparcia technicznego i dokumentacji. Zawsze szukamy nowych instalator\u00f3w, aby rozszerzy\u0107 nasz\u0105 sie\u0107. Chcesz by\u0107 cz\u0119\u015bci\u0105 rozwijaj\u0105cego si\u0119 rynku?","breadcrumb":{"@id":"https:\/\/iqgrid.nl\/pl\/instalatorzy\/#breadcrumb"},"inLanguage":"pl-PL","potentialAction":[{"@type":"ReadAction","target":["https:\/\/iqgrid.nl\/pl\/instalatorzy\/"]}]},{"@type":"ImageObject","inLanguage":"pl-PL","@id":"https:\/\/iqgrid.nl\/pl\/instalatorzy\/#primaryimage","url":"https:\/\/iqgrid.nl\/wp-content\/uploads\/2025\/01\/image002-2.png","contentUrl":"https:\/\/iqgrid.nl\/wp-content\/uploads\/2025\/01\/image002-2.png"},{"@type":"BreadcrumbList","@id":"https:\/\/iqgrid.nl\/pl\/instalatorzy\/#breadcrumb","itemListElement":[{"@type":"ListItem","position":1,"name":"Strona g\u0142\u00f3wna","item":"https:\/\/iqgrid.nl\/pl\/"},{"@type":"ListItem","position":2,"name":"Instalatorzy"}]},{"@type":"WebSite","@id":"https:\/\/iqgrid.nl\/pl\/#website","url":"https:\/\/iqgrid.nl\/pl\/","name":"iQGrid","description":"Inteligentne zarz\u0105dzanie energi\u0105","publisher":{"@id":"https:\/\/iqgrid.nl\/pl\/#organization"},"potentialAction":[{"@type":"SearchAction","target":{"@type":"EntryPoint","urlTemplate":"https:\/\/iqgrid.nl\/pl\/?s={search_term_string}"},"query-input":{"@type":"PropertyValueSpecification","valueRequired":true,"valueName":"search_term_string"}}],"inLanguage":"pl-PL"},{"@type":"Organization","@id":"https:\/\/iqgrid.nl\/pl\/#organization","name":"iQGrid","url":"https:\/\/iqgrid.nl\/pl\/","logo":{"@type":"ImageObject","inLanguage":"pl-PL","@id":"https:\/\/iqgrid.nl\/pl\/#\/schema\/logo\/image\/","url":"https:\/\/iqgrid.nl\/wp-content\/uploads\/2025\/01\/iQGrid-volledig-scaled-e1736767720883.jpg","contentUrl":"https:\/\/iqgrid.nl\/wp-content\/uploads\/2025\/01\/iQGrid-volledig-scaled-e1736767720883.jpg","width":2560,"height":810,"caption":"iQGrid"},"image":{"@id":"https:\/\/iqgrid.nl\/pl\/#\/schema\/logo\/image\/"}}]}},"_links":{"self":[{"href":"https:\/\/iqgrid.nl\/pl\/wp-json\/wp\/v2\/pages\/2284","targetHints":{"allow":["GET"]}}],"collection":[{"href":"https:\/\/iqgrid.nl\/pl\/wp-json\/wp\/v2\/pages"}],"about":[{"href":"https:\/\/iqgrid.nl\/pl\/wp-json\/wp\/v2\/types\/page"}],"author":[{"embeddable":true,"href":"https:\/\/iqgrid.nl\/pl\/wp-json\/wp\/v2\/users\/1"}],"replies":[{"embeddable":true,"href":"https:\/\/iqgrid.nl\/pl\/wp-json\/wp\/v2\/comments?post=2284"}],"version-history":[{"count":2,"href":"https:\/\/iqgrid.nl\/pl\/wp-json\/wp\/v2\/pages\/2284\/revisions"}],"predecessor-version":[{"id":2286,"href":"https:\/\/iqgrid.nl\/pl\/wp-json\/wp\/v2\/pages\/2284\/revisions\/2286"}],"wp:attachment":[{"href":"https:\/\/iqgrid.nl\/pl\/wp-json\/wp\/v2\/media?parent=2284"}],"curies":[{"name":"wp","href":"https:\/\/api.w.org\/{rel}","templated":true}]}}