{"id":2141,"date":"2025-01-13T14:52:32","date_gmt":"2025-01-13T14:52:32","guid":{"rendered":"https:\/\/iqgrid.nl\/om-oss\/"},"modified":"2025-05-27T07:46:29","modified_gmt":"2025-05-27T07:46:29","slug":"om-oss","status":"publish","type":"page","link":"https:\/\/iqgrid.nl\/sv\/om-oss\/","title":{"rendered":"Om oss"},"content":{"rendered":"\t\t<div data-elementor-type=\"wp-page\" data-elementor-id=\"2141\" class=\"elementor elementor-2141 elementor-94\" data-elementor-post-type=\"page\">\n\t\t\t\t<div class=\"elementor-element elementor-element-3a4ebbb e-flex e-con-boxed e-con e-parent\" data-id=\"3a4ebbb\" data-element_type=\"container\" data-settings=\"{&quot;background_background&quot;:&quot;classic&quot;}\">\n\t\t\t\t\t<div class=\"e-con-inner\">\n\t\t\t\t<div class=\"elementor-element elementor-element-b269338 elementor-widget elementor-widget-heading\" data-id=\"b269338\" data-element_type=\"widget\" data-widget_type=\"heading.default\">\n\t\t\t\t<div class=\"elementor-widget-container\">\n\t\t\t\t\t<h2 class=\"elementor-heading-title elementor-size-default\">Om oss<\/h2>\t\t\t\t<\/div>\n\t\t\t\t<\/div>\n\t\t\t\t\t<\/div>\n\t\t\t\t<\/div>\n\t\t<div class=\"elementor-element elementor-element-af27727 e-flex e-con-boxed e-con e-parent\" data-id=\"af27727\" data-element_type=\"container\" data-settings=\"{&quot;background_background&quot;:&quot;classic&quot;}\">\n\t\t\t\t\t<div class=\"e-con-inner\">\n\t\t<div class=\"elementor-element elementor-element-07576f4 e-con-full e-flex e-con e-child\" data-id=\"07576f4\" data-element_type=\"container\">\n\t\t\t\t<div class=\"elementor-element elementor-element-e0e3208 elementor-widget elementor-widget-heading\" data-id=\"e0e3208\" data-element_type=\"widget\" data-widget_type=\"heading.default\">\n\t\t\t\t<div class=\"elementor-widget-container\">\n\t\t\t\t\t<h2 class=\"elementor-heading-title elementor-size-default\">Om iQGrid<\/h2>\t\t\t\t<\/div>\n\t\t\t\t<\/div>\n\t\t\t\t<div class=\"elementor-element elementor-element-aa776ad elementor-widget elementor-widget-text-editor\" data-id=\"aa776ad\" data-element_type=\"widget\" data-widget_type=\"text-editor.default\">\n\t\t\t\t<div class=\"elementor-widget-container\">\n\t\t\t\t\t\t\t\t\t<p>P\u00e5 iQGrid tror vi att elektrifiering inte \u00e4r en \u00f6nskedr\u00f6m &#8211; det \u00e4r ett strategiskt val som hj\u00e4lper f\u00f6retag och hush\u00e5ll att g\u00e5 fram\u00e5t idag. V\u00e5rt uppdrag \u00e4r att g\u00f6ra m\u00e4nniskor mer oberoende av fossila br\u00e4nslen och of\u00f6ruts\u00e4gbara energikostnader. Med smarta system f\u00f6r lagring, styrning och optimering \u00e5terf\u00f6r vi kontrollen till d\u00e4r den h\u00f6r hemma: hos anv\u00e4ndaren.  <\/p><p>Teknik i sig \u00e4r n\u00e4mligen inte tillr\u00e4ckligt. Utan ett intelligent energihanteringssystem f\u00f6rblir \u00e4ven det b\u00e4sta batteriet eller den b\u00e4sta v\u00e4xelriktaren underutnyttjad. iQGrid \u00e4r den sammanbindande l\u00e4nken: vi ser till att dina energil\u00f6sningar verkligen fungerar tillsammans. Med v\u00e5r programvara och v\u00e5ra smarta algoritmer utnyttjar du varje kilowatt optimalt &#8211; vid r\u00e4tt tidpunkt och till r\u00e4tt pris.   <\/p><p>V\u00e5ra system \u00e4r utformade med anv\u00e4ndaren i \u00e5tanke: intuitiva, tydliga och helt integrerade. Fr\u00e5n solpaneler till batterilagring och smart styrning baserad p\u00e5 realtidstariffer &#8211; allt fungerar tillsammans i en anv\u00e4ndarv\u00e4nlig milj\u00f6. <\/p><p>Bakom iQGrid st\u00e5r ett team med djupt rotad kunskap om energiteknik, h\u00e5llbara innovationer och systemintegration. M\u00e5nga \u00e5rs erfarenhet av komplexa energisystem, en teknisk akademisk bakgrund och ett skarpt \u00f6ga f\u00f6r anv\u00e4ndarv\u00e4nlighet s\u00e4kerst\u00e4ller att iQGrid inte bara fungerar, utan utm\u00e4rker sig genom enkelhet och tillf\u00f6rlitlighet. <\/p><p>Vi tillhandah\u00e5ller tekniken, s\u00e5 att du kan f\u00e5 kontroll \u00f6ver din energi &#8211; utan kr\u00e5ngel.<\/p>\t\t\t\t\t\t\t\t<\/div>\n\t\t\t\t<\/div>\n\t\t\t\t<div class=\"elementor-element elementor-element-d779f2a elementor-widget elementor-widget-button\" data-id=\"d779f2a\" data-element_type=\"widget\" data-widget_type=\"button.default\">\n\t\t\t\t<div class=\"elementor-widget-container\">\n\t\t\t\t\t\t\t\t\t<div class=\"elementor-button-wrapper\">\n\t\t\t\t\t<a class=\"elementor-button elementor-button-link elementor-size-sm\" href=\"https:\/\/iqgrid.nl\/contact\/\">\n\t\t\t\t\t\t<span class=\"elementor-button-content-wrapper\">\n\t\t\t\t\t\t\t\t\t<span class=\"elementor-button-text\">Ta kontakt med oss<\/span>\n\t\t\t\t\t<\/span>\n\t\t\t\t\t<\/a>\n\t\t\t\t<\/div>\n\t\t\t\t\t\t\t\t<\/div>\n\t\t\t\t<\/div>\n\t\t\t\t<\/div>\n\t\t<div class=\"elementor-element elementor-element-5da67be e-con-full e-flex e-con e-child\" data-id=\"5da67be\" data-element_type=\"container\">\n\t\t\t\t<div class=\"elementor-element elementor-element-af0be4b elementor-invisible elementor-widget elementor-widget-image\" data-id=\"af0be4b\" data-element_type=\"widget\" data-settings=\"{&quot;_animation&quot;:&quot;slideInRight&quot;}\" data-widget_type=\"image.default\">\n\t\t\t\t<div class=\"elementor-widget-container\">\n\t\t\t\t\t\t\t\t\t\t\t\t\t\t\t<img fetchpriority=\"high\" decoding=\"async\" width=\"467\" height=\"600\" src=\"https:\/\/iqgrid.nl\/wp-content\/uploads\/2025\/01\/Visual-vrouw-1.webp\" class=\"attachment-full size-full wp-image-1232\" alt=\"Locatie iQGrid\" srcset=\"https:\/\/iqgrid.nl\/wp-content\/uploads\/2025\/01\/Visual-vrouw-1.webp 467w, https:\/\/iqgrid.nl\/wp-content\/uploads\/2025\/01\/Visual-vrouw-1-234x300.webp 234w\" sizes=\"(max-width: 467px) 100vw, 467px\" \/>\t\t\t\t\t\t\t\t\t\t\t\t\t\t\t<\/div>\n\t\t\t\t<\/div>\n\t\t\t\t<\/div>\n\t\t\t\t\t<\/div>\n\t\t\t\t<\/div>\n\t\t\t\t<\/div>\n\t\t","protected":false},"excerpt":{"rendered":"<p>Om oss Om iQGrid P\u00e5 iQGrid tror vi att elektrifiering inte \u00e4r en \u00f6nskedr\u00f6m &#8211; det \u00e4r ett strategiskt val [&hellip;]<\/p>\n","protected":false},"author":1,"featured_media":0,"parent":0,"menu_order":0,"comment_status":"closed","ping_status":"closed","template":"","meta":{"site-sidebar-layout":"no-sidebar","site-content-layout":"","ast-site-content-layout":"full-width-container","site-content-style":"default","site-sidebar-style":"default","ast-global-header-display":"","ast-banner-title-visibility":"","ast-main-header-display":"","ast-hfb-above-header-display":"","ast-hfb-below-header-display":"","ast-hfb-mobile-header-display":"","site-post-title":"disabled","ast-breadcrumbs-content":"","ast-featured-img":"disabled","footer-sml-layout":"","ast-disable-related-posts":"","theme-transparent-header-meta":"","adv-header-id-meta":"","stick-header-meta":"","header-above-stick-meta":"","header-main-stick-meta":"","header-below-stick-meta":"","astra-migrate-meta-layouts":"default","ast-page-background-enabled":"default","ast-page-background-meta":{"desktop":{"background-color":"var(--ast-global-color-5)","background-image":"","background-repeat":"repeat","background-position":"center center","background-size":"auto","background-attachment":"scroll","background-type":"","background-media":"","overlay-type":"","overlay-color":"","overlay-opacity":"","overlay-gradient":""},"tablet":{"background-color":"","background-image":"","background-repeat":"repeat","background-position":"center center","background-size":"auto","background-attachment":"scroll","background-type":"","background-media":"","overlay-type":"","overlay-color":"","overlay-opacity":"","overlay-gradient":""},"mobile":{"background-color":"","background-image":"","background-repeat":"repeat","background-position":"center center","background-size":"auto","background-attachment":"scroll","background-type":"","background-media":"","overlay-type":"","overlay-color":"","overlay-opacity":"","overlay-gradient":""}},"ast-content-background-meta":{"desktop":{"background-color":"var(--ast-global-color-4)","background-image":"","background-repeat":"repeat","background-position":"center center","background-size":"auto","background-attachment":"scroll","background-type":"","background-media":"","overlay-type":"","overlay-color":"","overlay-opacity":"","overlay-gradient":""},"tablet":{"background-color":"var(--ast-global-color-4)","background-image":"","background-repeat":"repeat","background-position":"center center","background-size":"auto","background-attachment":"scroll","background-type":"","background-media":"","overlay-type":"","overlay-color":"","overlay-opacity":"","overlay-gradient":""},"mobile":{"background-color":"var(--ast-global-color-4)","background-image":"","background-repeat":"repeat","background-position":"center center","background-size":"auto","background-attachment":"scroll","background-type":"","background-media":"","overlay-type":"","overlay-color":"","overlay-opacity":"","overlay-gradient":""}},"footnotes":""},"class_list":["post-2141","page","type-page","status-publish","hentry"],"yoast_head":"<!-- This site is optimized with the Yoast SEO plugin v26.5 - https:\/\/yoast.com\/wordpress\/plugins\/seo\/ -->\n<title>Om oss - iQGrid<\/title>\n<meta name=\"description\" content=\"P\u00e5 iQGrid tror vi att elektrifiering inte \u00e4r en \u00f6nskedr\u00f6m - det \u00e4r ett strategiskt val som hj\u00e4lper f\u00f6retag och hush\u00e5ll att g\u00e5 fram\u00e5t idag. V\u00e5rt uppdrag \u00e4r att g\u00f6ra m\u00e4nniskor mer oberoende av fossila br\u00e4nslen och of\u00f6ruts\u00e4gbara energikostnader. Med smarta system f\u00f6r lagring, styrning och optimering ger vi tillbaka kontrollen d\u00e4r den h\u00f6r hemma: hos anv\u00e4ndaren.\" \/>\n<meta name=\"robots\" content=\"index, follow, max-snippet:-1, max-image-preview:large, max-video-preview:-1\" \/>\n<link rel=\"canonical\" href=\"https:\/\/iqgrid.nl\/sv\/om-oss\/\" \/>\n<meta property=\"og:locale\" content=\"sv_SE\" \/>\n<meta property=\"og:type\" content=\"article\" \/>\n<meta property=\"og:title\" content=\"Om oss - iQGrid\" \/>\n<meta property=\"og:description\" content=\"P\u00e5 iQGrid tror vi att elektrifiering inte \u00e4r en \u00f6nskedr\u00f6m - det \u00e4r ett strategiskt val som hj\u00e4lper f\u00f6retag och hush\u00e5ll att g\u00e5 fram\u00e5t idag. V\u00e5rt uppdrag \u00e4r att g\u00f6ra m\u00e4nniskor mer oberoende av fossila br\u00e4nslen och of\u00f6ruts\u00e4gbara energikostnader. Med smarta system f\u00f6r lagring, styrning och optimering ger vi tillbaka kontrollen d\u00e4r den h\u00f6r hemma: hos anv\u00e4ndaren.\" \/>\n<meta property=\"og:url\" content=\"https:\/\/iqgrid.nl\/sv\/om-oss\/\" \/>\n<meta property=\"og:site_name\" content=\"iQGrid\" \/>\n<meta property=\"article:modified_time\" content=\"2025-05-27T07:46:29+00:00\" \/>\n<meta property=\"og:image\" content=\"https:\/\/iqgrid.nl\/wp-content\/uploads\/2025\/01\/Visual-vrouw-1.webp\" \/>\n<meta name=\"twitter:card\" content=\"summary_large_image\" \/>\n<meta name=\"twitter:label1\" content=\"Ber\u00e4knad l\u00e4stid\" \/>\n\t<meta name=\"twitter:data1\" content=\"1 minut\" \/>\n<script type=\"application\/ld+json\" class=\"yoast-schema-graph\">{\"@context\":\"https:\/\/schema.org\",\"@graph\":[{\"@type\":\"WebPage\",\"@id\":\"https:\/\/iqgrid.nl\/sv\/om-oss\/\",\"url\":\"https:\/\/iqgrid.nl\/sv\/om-oss\/\",\"name\":\"Om oss - iQGrid\",\"isPartOf\":{\"@id\":\"https:\/\/iqgrid.nl\/sv\/#website\"},\"primaryImageOfPage\":{\"@id\":\"https:\/\/iqgrid.nl\/sv\/om-oss\/#primaryimage\"},\"image\":{\"@id\":\"https:\/\/iqgrid.nl\/sv\/om-oss\/#primaryimage\"},\"thumbnailUrl\":\"https:\/\/iqgrid.nl\/wp-content\/uploads\/2025\/01\/Visual-vrouw-1.webp\",\"datePublished\":\"2025-01-13T14:52:32+00:00\",\"dateModified\":\"2025-05-27T07:46:29+00:00\",\"description\":\"P\u00e5 iQGrid tror vi att elektrifiering inte \u00e4r en \u00f6nskedr\u00f6m - det \u00e4r ett strategiskt val som hj\u00e4lper f\u00f6retag och hush\u00e5ll att g\u00e5 fram\u00e5t idag. V\u00e5rt uppdrag \u00e4r att g\u00f6ra m\u00e4nniskor mer oberoende av fossila br\u00e4nslen och of\u00f6ruts\u00e4gbara energikostnader. Med smarta system f\u00f6r lagring, styrning och optimering ger vi tillbaka kontrollen d\u00e4r den h\u00f6r hemma: hos anv\u00e4ndaren.\",\"breadcrumb\":{\"@id\":\"https:\/\/iqgrid.nl\/sv\/om-oss\/#breadcrumb\"},\"inLanguage\":\"sv-SE\",\"potentialAction\":[{\"@type\":\"ReadAction\",\"target\":[\"https:\/\/iqgrid.nl\/sv\/om-oss\/\"]}]},{\"@type\":\"ImageObject\",\"inLanguage\":\"sv-SE\",\"@id\":\"https:\/\/iqgrid.nl\/sv\/om-oss\/#primaryimage\",\"url\":\"https:\/\/iqgrid.nl\/wp-content\/uploads\/2025\/01\/Visual-vrouw-1.webp\",\"contentUrl\":\"https:\/\/iqgrid.nl\/wp-content\/uploads\/2025\/01\/Visual-vrouw-1.webp\"},{\"@type\":\"BreadcrumbList\",\"@id\":\"https:\/\/iqgrid.nl\/sv\/om-oss\/#breadcrumb\",\"itemListElement\":[{\"@type\":\"ListItem\",\"position\":1,\"name\":\"Hem\",\"item\":\"https:\/\/iqgrid.nl\/sv\/\"},{\"@type\":\"ListItem\",\"position\":2,\"name\":\"Om oss\"}]},{\"@type\":\"WebSite\",\"@id\":\"https:\/\/iqgrid.nl\/sv\/#website\",\"url\":\"https:\/\/iqgrid.nl\/sv\/\",\"name\":\"iQGrid\",\"description\":\"Smart energihantering\",\"publisher\":{\"@id\":\"https:\/\/iqgrid.nl\/sv\/#organization\"},\"potentialAction\":[{\"@type\":\"SearchAction\",\"target\":{\"@type\":\"EntryPoint\",\"urlTemplate\":\"https:\/\/iqgrid.nl\/sv\/?s={search_term_string}\"},\"query-input\":{\"@type\":\"PropertyValueSpecification\",\"valueRequired\":true,\"valueName\":\"search_term_string\"}}],\"inLanguage\":\"sv-SE\"},{\"@type\":\"Organization\",\"@id\":\"https:\/\/iqgrid.nl\/sv\/#organization\",\"name\":\"iQGrid\",\"url\":\"https:\/\/iqgrid.nl\/sv\/\",\"logo\":{\"@type\":\"ImageObject\",\"inLanguage\":\"sv-SE\",\"@id\":\"https:\/\/iqgrid.nl\/sv\/#\/schema\/logo\/image\/\",\"url\":\"https:\/\/iqgrid.nl\/wp-content\/uploads\/2025\/01\/iQGrid-volledig-scaled-e1736767720883.jpg\",\"contentUrl\":\"https:\/\/iqgrid.nl\/wp-content\/uploads\/2025\/01\/iQGrid-volledig-scaled-e1736767720883.jpg\",\"width\":2560,\"height\":810,\"caption\":\"iQGrid\"},\"image\":{\"@id\":\"https:\/\/iqgrid.nl\/sv\/#\/schema\/logo\/image\/\"}}]}<\/script>\n<!-- \/ Yoast SEO plugin. -->","yoast_head_json":{"title":"Om oss - iQGrid","description":"P\u00e5 iQGrid tror vi att elektrifiering inte \u00e4r en \u00f6nskedr\u00f6m - det \u00e4r ett strategiskt val som hj\u00e4lper f\u00f6retag och hush\u00e5ll att g\u00e5 fram\u00e5t idag. V\u00e5rt uppdrag \u00e4r att g\u00f6ra m\u00e4nniskor mer oberoende av fossila br\u00e4nslen och of\u00f6ruts\u00e4gbara energikostnader. Med smarta system f\u00f6r lagring, styrning och optimering ger vi tillbaka kontrollen d\u00e4r den h\u00f6r hemma: hos anv\u00e4ndaren.","robots":{"index":"index","follow":"follow","max-snippet":"max-snippet:-1","max-image-preview":"max-image-preview:large","max-video-preview":"max-video-preview:-1"},"canonical":"https:\/\/iqgrid.nl\/sv\/om-oss\/","og_locale":"sv_SE","og_type":"article","og_title":"Om oss - iQGrid","og_description":"P\u00e5 iQGrid tror vi att elektrifiering inte \u00e4r en \u00f6nskedr\u00f6m - det \u00e4r ett strategiskt val som hj\u00e4lper f\u00f6retag och hush\u00e5ll att g\u00e5 fram\u00e5t idag. V\u00e5rt uppdrag \u00e4r att g\u00f6ra m\u00e4nniskor mer oberoende av fossila br\u00e4nslen och of\u00f6ruts\u00e4gbara energikostnader. Med smarta system f\u00f6r lagring, styrning och optimering ger vi tillbaka kontrollen d\u00e4r den h\u00f6r hemma: hos anv\u00e4ndaren.","og_url":"https:\/\/iqgrid.nl\/sv\/om-oss\/","og_site_name":"iQGrid","article_modified_time":"2025-05-27T07:46:29+00:00","og_image":[{"url":"https:\/\/iqgrid.nl\/wp-content\/uploads\/2025\/01\/Visual-vrouw-1.webp","type":"","width":"","height":""}],"twitter_card":"summary_large_image","twitter_misc":{"Ber\u00e4knad l\u00e4stid":"1 minut"},"schema":{"@context":"https:\/\/schema.org","@graph":[{"@type":"WebPage","@id":"https:\/\/iqgrid.nl\/sv\/om-oss\/","url":"https:\/\/iqgrid.nl\/sv\/om-oss\/","name":"Om oss - iQGrid","isPartOf":{"@id":"https:\/\/iqgrid.nl\/sv\/#website"},"primaryImageOfPage":{"@id":"https:\/\/iqgrid.nl\/sv\/om-oss\/#primaryimage"},"image":{"@id":"https:\/\/iqgrid.nl\/sv\/om-oss\/#primaryimage"},"thumbnailUrl":"https:\/\/iqgrid.nl\/wp-content\/uploads\/2025\/01\/Visual-vrouw-1.webp","datePublished":"2025-01-13T14:52:32+00:00","dateModified":"2025-05-27T07:46:29+00:00","description":"P\u00e5 iQGrid tror vi att elektrifiering inte \u00e4r en \u00f6nskedr\u00f6m - det \u00e4r ett strategiskt val som hj\u00e4lper f\u00f6retag och hush\u00e5ll att g\u00e5 fram\u00e5t idag. V\u00e5rt uppdrag \u00e4r att g\u00f6ra m\u00e4nniskor mer oberoende av fossila br\u00e4nslen och of\u00f6ruts\u00e4gbara energikostnader. Med smarta system f\u00f6r lagring, styrning och optimering ger vi tillbaka kontrollen d\u00e4r den h\u00f6r hemma: hos anv\u00e4ndaren.","breadcrumb":{"@id":"https:\/\/iqgrid.nl\/sv\/om-oss\/#breadcrumb"},"inLanguage":"sv-SE","potentialAction":[{"@type":"ReadAction","target":["https:\/\/iqgrid.nl\/sv\/om-oss\/"]}]},{"@type":"ImageObject","inLanguage":"sv-SE","@id":"https:\/\/iqgrid.nl\/sv\/om-oss\/#primaryimage","url":"https:\/\/iqgrid.nl\/wp-content\/uploads\/2025\/01\/Visual-vrouw-1.webp","contentUrl":"https:\/\/iqgrid.nl\/wp-content\/uploads\/2025\/01\/Visual-vrouw-1.webp"},{"@type":"BreadcrumbList","@id":"https:\/\/iqgrid.nl\/sv\/om-oss\/#breadcrumb","itemListElement":[{"@type":"ListItem","position":1,"name":"Hem","item":"https:\/\/iqgrid.nl\/sv\/"},{"@type":"ListItem","position":2,"name":"Om oss"}]},{"@type":"WebSite","@id":"https:\/\/iqgrid.nl\/sv\/#website","url":"https:\/\/iqgrid.nl\/sv\/","name":"iQGrid","description":"Smart energihantering","publisher":{"@id":"https:\/\/iqgrid.nl\/sv\/#organization"},"potentialAction":[{"@type":"SearchAction","target":{"@type":"EntryPoint","urlTemplate":"https:\/\/iqgrid.nl\/sv\/?s={search_term_string}"},"query-input":{"@type":"PropertyValueSpecification","valueRequired":true,"valueName":"search_term_string"}}],"inLanguage":"sv-SE"},{"@type":"Organization","@id":"https:\/\/iqgrid.nl\/sv\/#organization","name":"iQGrid","url":"https:\/\/iqgrid.nl\/sv\/","logo":{"@type":"ImageObject","inLanguage":"sv-SE","@id":"https:\/\/iqgrid.nl\/sv\/#\/schema\/logo\/image\/","url":"https:\/\/iqgrid.nl\/wp-content\/uploads\/2025\/01\/iQGrid-volledig-scaled-e1736767720883.jpg","contentUrl":"https:\/\/iqgrid.nl\/wp-content\/uploads\/2025\/01\/iQGrid-volledig-scaled-e1736767720883.jpg","width":2560,"height":810,"caption":"iQGrid"},"image":{"@id":"https:\/\/iqgrid.nl\/sv\/#\/schema\/logo\/image\/"}}]}},"_links":{"self":[{"href":"https:\/\/iqgrid.nl\/sv\/wp-json\/wp\/v2\/pages\/2141","targetHints":{"allow":["GET"]}}],"collection":[{"href":"https:\/\/iqgrid.nl\/sv\/wp-json\/wp\/v2\/pages"}],"about":[{"href":"https:\/\/iqgrid.nl\/sv\/wp-json\/wp\/v2\/types\/page"}],"author":[{"embeddable":true,"href":"https:\/\/iqgrid.nl\/sv\/wp-json\/wp\/v2\/users\/1"}],"replies":[{"embeddable":true,"href":"https:\/\/iqgrid.nl\/sv\/wp-json\/wp\/v2\/comments?post=2141"}],"version-history":[{"count":2,"href":"https:\/\/iqgrid.nl\/sv\/wp-json\/wp\/v2\/pages\/2141\/revisions"}],"predecessor-version":[{"id":2143,"href":"https:\/\/iqgrid.nl\/sv\/wp-json\/wp\/v2\/pages\/2141\/revisions\/2143"}],"wp:attachment":[{"href":"https:\/\/iqgrid.nl\/sv\/wp-json\/wp\/v2\/media?parent=2141"}],"curies":[{"name":"wp","href":"https:\/\/api.w.org\/{rel}","templated":true}]}}