{"id":2279,"date":"2025-01-13T14:38:33","date_gmt":"2025-01-13T14:38:33","guid":{"rendered":"https:\/\/iqgrid.nl\/installatorer\/"},"modified":"2025-05-27T07:52:59","modified_gmt":"2025-05-27T07:52:59","slug":"installatorer","status":"publish","type":"page","link":"https:\/\/iqgrid.nl\/sv\/installatorer\/","title":{"rendered":"Installat\u00f6rer"},"content":{"rendered":"\t\t<div data-elementor-type=\"wp-page\" data-elementor-id=\"2279\" class=\"elementor elementor-2279 elementor-86\" data-elementor-post-type=\"page\">\n\t\t\t\t<div class=\"elementor-element elementor-element-3a4ebbb e-flex e-con-boxed e-con e-parent\" data-id=\"3a4ebbb\" data-element_type=\"container\" data-settings=\"{&quot;background_background&quot;:&quot;classic&quot;}\">\n\t\t\t\t\t<div class=\"e-con-inner\">\n\t\t\t\t<div class=\"elementor-element elementor-element-b269338 elementor-widget elementor-widget-heading\" data-id=\"b269338\" data-element_type=\"widget\" data-widget_type=\"heading.default\">\n\t\t\t\t<div class=\"elementor-widget-container\">\n\t\t\t\t\t<h2 class=\"elementor-heading-title elementor-size-default\">\u00c5terf\u00f6rs\u00e4ljare<\/h2>\t\t\t\t<\/div>\n\t\t\t\t<\/div>\n\t\t\t\t\t<\/div>\n\t\t\t\t<\/div>\n\t\t<div class=\"elementor-element elementor-element-5aa8224 e-flex e-con-boxed e-con e-parent\" data-id=\"5aa8224\" data-element_type=\"container\">\n\t\t\t\t\t<div class=\"e-con-inner\">\n\t\t\t\t<div class=\"elementor-element elementor-element-7bb863a elementor-widget elementor-widget-text-editor\" data-id=\"7bb863a\" data-element_type=\"widget\" data-widget_type=\"text-editor.default\">\n\t\t\t\t<div class=\"elementor-widget-container\">\n\t\t\t\t\t\t\t\t\t<p>F\u00f6r att s\u00e4kerst\u00e4lla kvaliteten p\u00e5 v\u00e5ra produkter och tj\u00e4nster arbetar vi med ett n\u00e4tverk av certifierade installat\u00f6rer.<\/p><ul><li><strong>Godk\u00e4nda installat\u00f6rer:<\/strong> V\u00e5ra partners \u00e4r noggrant utvalda och utbildade f\u00f6r att installera iQGrid-system.<\/li><li><strong>Teknisk support:<\/strong> Installat\u00f6rerna har tillg\u00e5ng till omfattande teknisk <strong>support och dokumentation.<\/strong><\/li><li><strong>Bli partner:<\/strong> Vi letar alltid efter nya installat\u00f6rer f\u00f6r att ut\u00f6ka v\u00e5rt n\u00e4tverk. Vill du vara en del av en v\u00e4xande marknad? H\u00f6r av dig till oss!  <\/li><\/ul><p>iQGrid-installat\u00f6rerna garanterar kvalitet, tillf\u00f6rlitlighet och service.<\/p>\t\t\t\t\t\t\t\t<\/div>\n\t\t\t\t<\/div>\n\t\t\t\t\t<\/div>\n\t\t\t\t<\/div>\n\t\t<div class=\"elementor-element elementor-element-df6bce6 e-flex e-con-boxed e-con e-parent\" data-id=\"df6bce6\" data-element_type=\"container\">\n\t\t\t\t\t<div class=\"e-con-inner\">\n\t\t<div class=\"elementor-element elementor-element-7dd0cee e-con-full e-flex e-con e-child\" data-id=\"7dd0cee\" data-element_type=\"container\">\n\t\t\t\t<div class=\"elementor-element elementor-element-445458c elementor-widget elementor-widget-image\" data-id=\"445458c\" data-element_type=\"widget\" data-widget_type=\"image.default\">\n\t\t\t\t<div class=\"elementor-widget-container\">\n\t\t\t\t\t\t\t\t\t\t\t\t\t\t\t<img decoding=\"async\" width=\"151\" height=\"118\" src=\"https:\/\/iqgrid.nl\/wp-content\/uploads\/2025\/01\/image002-2.png\" class=\"attachment-full size-full wp-image-1220\" alt=\"Logo DuraSolar\" \/>\t\t\t\t\t\t\t\t\t\t\t\t\t\t\t<\/div>\n\t\t\t\t<\/div>\n\t\t\t\t<\/div>\n\t\t<div class=\"elementor-element elementor-element-b315bc2 e-con-full e-flex e-con e-child\" data-id=\"b315bc2\" data-element_type=\"container\">\n\t\t\t\t<div class=\"elementor-element elementor-element-9dcac85 elementor-widget elementor-widget-image\" data-id=\"9dcac85\" data-element_type=\"widget\" data-widget_type=\"image.default\">\n\t\t\t\t<div class=\"elementor-widget-container\">\n\t\t\t\t\t\t\t\t\t\t\t\t\t\t\t<img fetchpriority=\"high\" decoding=\"async\" width=\"2361\" height=\"441\" src=\"https:\/\/iqgrid.nl\/wp-content\/uploads\/2025\/04\/Logo-Buiting-Elektrotechniek.png\" class=\"attachment-full size-full wp-image-1328\" alt=\"\" srcset=\"https:\/\/iqgrid.nl\/wp-content\/uploads\/2025\/04\/Logo-Buiting-Elektrotechniek.png 2361w, https:\/\/iqgrid.nl\/wp-content\/uploads\/2025\/04\/Logo-Buiting-Elektrotechniek-300x56.png 300w, https:\/\/iqgrid.nl\/wp-content\/uploads\/2025\/04\/Logo-Buiting-Elektrotechniek-1024x191.png 1024w, https:\/\/iqgrid.nl\/wp-content\/uploads\/2025\/04\/Logo-Buiting-Elektrotechniek-768x143.png 768w, https:\/\/iqgrid.nl\/wp-content\/uploads\/2025\/04\/Logo-Buiting-Elektrotechniek-1536x287.png 1536w, https:\/\/iqgrid.nl\/wp-content\/uploads\/2025\/04\/Logo-Buiting-Elektrotechniek-2048x383.png 2048w\" sizes=\"(max-width: 2361px) 100vw, 2361px\" \/>\t\t\t\t\t\t\t\t\t\t\t\t\t\t\t<\/div>\n\t\t\t\t<\/div>\n\t\t\t\t<\/div>\n\t\t\t\t\t<\/div>\n\t\t\t\t<\/div>\n\t\t\t\t<\/div>\n\t\t","protected":false},"excerpt":{"rendered":"<p>\u00c5terf\u00f6rs\u00e4ljare F\u00f6r att s\u00e4kerst\u00e4lla kvaliteten p\u00e5 v\u00e5ra produkter och tj\u00e4nster arbetar vi med ett n\u00e4tverk av certifierade installat\u00f6rer. Godk\u00e4nda installat\u00f6rer: [&hellip;]<\/p>\n","protected":false},"author":1,"featured_media":0,"parent":0,"menu_order":0,"comment_status":"closed","ping_status":"closed","template":"","meta":{"site-sidebar-layout":"no-sidebar","site-content-layout":"","ast-site-content-layout":"full-width-container","site-content-style":"default","site-sidebar-style":"default","ast-global-header-display":"","ast-banner-title-visibility":"","ast-main-header-display":"","ast-hfb-above-header-display":"","ast-hfb-below-header-display":"","ast-hfb-mobile-header-display":"","site-post-title":"disabled","ast-breadcrumbs-content":"","ast-featured-img":"disabled","footer-sml-layout":"","ast-disable-related-posts":"","theme-transparent-header-meta":"","adv-header-id-meta":"","stick-header-meta":"","header-above-stick-meta":"","header-main-stick-meta":"","header-below-stick-meta":"","astra-migrate-meta-layouts":"default","ast-page-background-enabled":"default","ast-page-background-meta":{"desktop":{"background-color":"var(--ast-global-color-5)","background-image":"","background-repeat":"repeat","background-position":"center center","background-size":"auto","background-attachment":"scroll","background-type":"","background-media":"","overlay-type":"","overlay-color":"","overlay-opacity":"","overlay-gradient":""},"tablet":{"background-color":"","background-image":"","background-repeat":"repeat","background-position":"center center","background-size":"auto","background-attachment":"scroll","background-type":"","background-media":"","overlay-type":"","overlay-color":"","overlay-opacity":"","overlay-gradient":""},"mobile":{"background-color":"","background-image":"","background-repeat":"repeat","background-position":"center center","background-size":"auto","background-attachment":"scroll","background-type":"","background-media":"","overlay-type":"","overlay-color":"","overlay-opacity":"","overlay-gradient":""}},"ast-content-background-meta":{"desktop":{"background-color":"var(--ast-global-color-4)","background-image":"","background-repeat":"repeat","background-position":"center center","background-size":"auto","background-attachment":"scroll","background-type":"","background-media":"","overlay-type":"","overlay-color":"","overlay-opacity":"","overlay-gradient":""},"tablet":{"background-color":"var(--ast-global-color-4)","background-image":"","background-repeat":"repeat","background-position":"center center","background-size":"auto","background-attachment":"scroll","background-type":"","background-media":"","overlay-type":"","overlay-color":"","overlay-opacity":"","overlay-gradient":""},"mobile":{"background-color":"var(--ast-global-color-4)","background-image":"","background-repeat":"repeat","background-position":"center center","background-size":"auto","background-attachment":"scroll","background-type":"","background-media":"","overlay-type":"","overlay-color":"","overlay-opacity":"","overlay-gradient":""}},"footnotes":""},"class_list":["post-2279","page","type-page","status-publish","hentry"],"yoast_head":"<!-- This site is optimized with the Yoast SEO plugin v26.5 - https:\/\/yoast.com\/wordpress\/plugins\/seo\/ -->\n<title>Installat\u00f6rer - iQGrid<\/title>\n<meta name=\"description\" content=\"V\u00e5ra partners \u00e4r noggrant utvalda och utbildade f\u00f6r att installera iQGrid-system. Teknisk support: Installat\u00f6rerna har tillg\u00e5ng till omfattande teknisk support och dokumentation. Vi letar alltid efter nya installat\u00f6rer f\u00f6r att ut\u00f6ka v\u00e5rt n\u00e4tverk. Vill du vara en del av en v\u00e4xande marknad?\" \/>\n<meta name=\"robots\" content=\"index, follow, max-snippet:-1, max-image-preview:large, max-video-preview:-1\" \/>\n<link rel=\"canonical\" href=\"https:\/\/iqgrid.nl\/sv\/installatorer\/\" \/>\n<meta property=\"og:locale\" content=\"sv_SE\" \/>\n<meta property=\"og:type\" content=\"article\" \/>\n<meta property=\"og:title\" content=\"Installat\u00f6rer - iQGrid\" \/>\n<meta property=\"og:description\" content=\"V\u00e5ra partners \u00e4r noggrant utvalda och utbildade f\u00f6r att installera iQGrid-system. Teknisk support: Installat\u00f6rerna har tillg\u00e5ng till omfattande teknisk support och dokumentation. Vi letar alltid efter nya installat\u00f6rer f\u00f6r att ut\u00f6ka v\u00e5rt n\u00e4tverk. Vill du vara en del av en v\u00e4xande marknad?\" \/>\n<meta property=\"og:url\" content=\"https:\/\/iqgrid.nl\/sv\/installatorer\/\" \/>\n<meta property=\"og:site_name\" content=\"iQGrid\" \/>\n<meta property=\"article:modified_time\" content=\"2025-05-27T07:52:59+00:00\" \/>\n<meta property=\"og:image\" content=\"https:\/\/iqgrid.nl\/wp-content\/uploads\/2025\/01\/image002-2.png\" \/>\n<meta name=\"twitter:card\" content=\"summary_large_image\" \/>\n<script type=\"application\/ld+json\" class=\"yoast-schema-graph\">{\"@context\":\"https:\/\/schema.org\",\"@graph\":[{\"@type\":\"WebPage\",\"@id\":\"https:\/\/iqgrid.nl\/sv\/installatorer\/\",\"url\":\"https:\/\/iqgrid.nl\/sv\/installatorer\/\",\"name\":\"Installat\u00f6rer - iQGrid\",\"isPartOf\":{\"@id\":\"https:\/\/iqgrid.nl\/sv\/#website\"},\"primaryImageOfPage\":{\"@id\":\"https:\/\/iqgrid.nl\/sv\/installatorer\/#primaryimage\"},\"image\":{\"@id\":\"https:\/\/iqgrid.nl\/sv\/installatorer\/#primaryimage\"},\"thumbnailUrl\":\"https:\/\/iqgrid.nl\/wp-content\/uploads\/2025\/01\/image002-2.png\",\"datePublished\":\"2025-01-13T14:38:33+00:00\",\"dateModified\":\"2025-05-27T07:52:59+00:00\",\"description\":\"V\u00e5ra partners \u00e4r noggrant utvalda och utbildade f\u00f6r att installera iQGrid-system. Teknisk support: Installat\u00f6rerna har tillg\u00e5ng till omfattande teknisk support och dokumentation. Vi letar alltid efter nya installat\u00f6rer f\u00f6r att ut\u00f6ka v\u00e5rt n\u00e4tverk. Vill du vara en del av en v\u00e4xande marknad?\",\"breadcrumb\":{\"@id\":\"https:\/\/iqgrid.nl\/sv\/installatorer\/#breadcrumb\"},\"inLanguage\":\"sv-SE\",\"potentialAction\":[{\"@type\":\"ReadAction\",\"target\":[\"https:\/\/iqgrid.nl\/sv\/installatorer\/\"]}]},{\"@type\":\"ImageObject\",\"inLanguage\":\"sv-SE\",\"@id\":\"https:\/\/iqgrid.nl\/sv\/installatorer\/#primaryimage\",\"url\":\"https:\/\/iqgrid.nl\/wp-content\/uploads\/2025\/01\/image002-2.png\",\"contentUrl\":\"https:\/\/iqgrid.nl\/wp-content\/uploads\/2025\/01\/image002-2.png\"},{\"@type\":\"BreadcrumbList\",\"@id\":\"https:\/\/iqgrid.nl\/sv\/installatorer\/#breadcrumb\",\"itemListElement\":[{\"@type\":\"ListItem\",\"position\":1,\"name\":\"Hem\",\"item\":\"https:\/\/iqgrid.nl\/sv\/\"},{\"@type\":\"ListItem\",\"position\":2,\"name\":\"Installat\u00f6rer\"}]},{\"@type\":\"WebSite\",\"@id\":\"https:\/\/iqgrid.nl\/sv\/#website\",\"url\":\"https:\/\/iqgrid.nl\/sv\/\",\"name\":\"iQGrid\",\"description\":\"Smart energihantering\",\"publisher\":{\"@id\":\"https:\/\/iqgrid.nl\/sv\/#organization\"},\"potentialAction\":[{\"@type\":\"SearchAction\",\"target\":{\"@type\":\"EntryPoint\",\"urlTemplate\":\"https:\/\/iqgrid.nl\/sv\/?s={search_term_string}\"},\"query-input\":{\"@type\":\"PropertyValueSpecification\",\"valueRequired\":true,\"valueName\":\"search_term_string\"}}],\"inLanguage\":\"sv-SE\"},{\"@type\":\"Organization\",\"@id\":\"https:\/\/iqgrid.nl\/sv\/#organization\",\"name\":\"iQGrid\",\"url\":\"https:\/\/iqgrid.nl\/sv\/\",\"logo\":{\"@type\":\"ImageObject\",\"inLanguage\":\"sv-SE\",\"@id\":\"https:\/\/iqgrid.nl\/sv\/#\/schema\/logo\/image\/\",\"url\":\"https:\/\/iqgrid.nl\/wp-content\/uploads\/2025\/01\/iQGrid-volledig-scaled-e1736767720883.jpg\",\"contentUrl\":\"https:\/\/iqgrid.nl\/wp-content\/uploads\/2025\/01\/iQGrid-volledig-scaled-e1736767720883.jpg\",\"width\":2560,\"height\":810,\"caption\":\"iQGrid\"},\"image\":{\"@id\":\"https:\/\/iqgrid.nl\/sv\/#\/schema\/logo\/image\/\"}}]}<\/script>\n<!-- \/ Yoast SEO plugin. -->","yoast_head_json":{"title":"Installat\u00f6rer - iQGrid","description":"V\u00e5ra partners \u00e4r noggrant utvalda och utbildade f\u00f6r att installera iQGrid-system. Teknisk support: Installat\u00f6rerna har tillg\u00e5ng till omfattande teknisk support och dokumentation. Vi letar alltid efter nya installat\u00f6rer f\u00f6r att ut\u00f6ka v\u00e5rt n\u00e4tverk. Vill du vara en del av en v\u00e4xande marknad?","robots":{"index":"index","follow":"follow","max-snippet":"max-snippet:-1","max-image-preview":"max-image-preview:large","max-video-preview":"max-video-preview:-1"},"canonical":"https:\/\/iqgrid.nl\/sv\/installatorer\/","og_locale":"sv_SE","og_type":"article","og_title":"Installat\u00f6rer - iQGrid","og_description":"V\u00e5ra partners \u00e4r noggrant utvalda och utbildade f\u00f6r att installera iQGrid-system. Teknisk support: Installat\u00f6rerna har tillg\u00e5ng till omfattande teknisk support och dokumentation. Vi letar alltid efter nya installat\u00f6rer f\u00f6r att ut\u00f6ka v\u00e5rt n\u00e4tverk. Vill du vara en del av en v\u00e4xande marknad?","og_url":"https:\/\/iqgrid.nl\/sv\/installatorer\/","og_site_name":"iQGrid","article_modified_time":"2025-05-27T07:52:59+00:00","og_image":[{"url":"https:\/\/iqgrid.nl\/wp-content\/uploads\/2025\/01\/image002-2.png","type":"","width":"","height":""}],"twitter_card":"summary_large_image","schema":{"@context":"https:\/\/schema.org","@graph":[{"@type":"WebPage","@id":"https:\/\/iqgrid.nl\/sv\/installatorer\/","url":"https:\/\/iqgrid.nl\/sv\/installatorer\/","name":"Installat\u00f6rer - iQGrid","isPartOf":{"@id":"https:\/\/iqgrid.nl\/sv\/#website"},"primaryImageOfPage":{"@id":"https:\/\/iqgrid.nl\/sv\/installatorer\/#primaryimage"},"image":{"@id":"https:\/\/iqgrid.nl\/sv\/installatorer\/#primaryimage"},"thumbnailUrl":"https:\/\/iqgrid.nl\/wp-content\/uploads\/2025\/01\/image002-2.png","datePublished":"2025-01-13T14:38:33+00:00","dateModified":"2025-05-27T07:52:59+00:00","description":"V\u00e5ra partners \u00e4r noggrant utvalda och utbildade f\u00f6r att installera iQGrid-system. Teknisk support: Installat\u00f6rerna har tillg\u00e5ng till omfattande teknisk support och dokumentation. Vi letar alltid efter nya installat\u00f6rer f\u00f6r att ut\u00f6ka v\u00e5rt n\u00e4tverk. Vill du vara en del av en v\u00e4xande marknad?","breadcrumb":{"@id":"https:\/\/iqgrid.nl\/sv\/installatorer\/#breadcrumb"},"inLanguage":"sv-SE","potentialAction":[{"@type":"ReadAction","target":["https:\/\/iqgrid.nl\/sv\/installatorer\/"]}]},{"@type":"ImageObject","inLanguage":"sv-SE","@id":"https:\/\/iqgrid.nl\/sv\/installatorer\/#primaryimage","url":"https:\/\/iqgrid.nl\/wp-content\/uploads\/2025\/01\/image002-2.png","contentUrl":"https:\/\/iqgrid.nl\/wp-content\/uploads\/2025\/01\/image002-2.png"},{"@type":"BreadcrumbList","@id":"https:\/\/iqgrid.nl\/sv\/installatorer\/#breadcrumb","itemListElement":[{"@type":"ListItem","position":1,"name":"Hem","item":"https:\/\/iqgrid.nl\/sv\/"},{"@type":"ListItem","position":2,"name":"Installat\u00f6rer"}]},{"@type":"WebSite","@id":"https:\/\/iqgrid.nl\/sv\/#website","url":"https:\/\/iqgrid.nl\/sv\/","name":"iQGrid","description":"Smart energihantering","publisher":{"@id":"https:\/\/iqgrid.nl\/sv\/#organization"},"potentialAction":[{"@type":"SearchAction","target":{"@type":"EntryPoint","urlTemplate":"https:\/\/iqgrid.nl\/sv\/?s={search_term_string}"},"query-input":{"@type":"PropertyValueSpecification","valueRequired":true,"valueName":"search_term_string"}}],"inLanguage":"sv-SE"},{"@type":"Organization","@id":"https:\/\/iqgrid.nl\/sv\/#organization","name":"iQGrid","url":"https:\/\/iqgrid.nl\/sv\/","logo":{"@type":"ImageObject","inLanguage":"sv-SE","@id":"https:\/\/iqgrid.nl\/sv\/#\/schema\/logo\/image\/","url":"https:\/\/iqgrid.nl\/wp-content\/uploads\/2025\/01\/iQGrid-volledig-scaled-e1736767720883.jpg","contentUrl":"https:\/\/iqgrid.nl\/wp-content\/uploads\/2025\/01\/iQGrid-volledig-scaled-e1736767720883.jpg","width":2560,"height":810,"caption":"iQGrid"},"image":{"@id":"https:\/\/iqgrid.nl\/sv\/#\/schema\/logo\/image\/"}}]}},"_links":{"self":[{"href":"https:\/\/iqgrid.nl\/sv\/wp-json\/wp\/v2\/pages\/2279","targetHints":{"allow":["GET"]}}],"collection":[{"href":"https:\/\/iqgrid.nl\/sv\/wp-json\/wp\/v2\/pages"}],"about":[{"href":"https:\/\/iqgrid.nl\/sv\/wp-json\/wp\/v2\/types\/page"}],"author":[{"embeddable":true,"href":"https:\/\/iqgrid.nl\/sv\/wp-json\/wp\/v2\/users\/1"}],"replies":[{"embeddable":true,"href":"https:\/\/iqgrid.nl\/sv\/wp-json\/wp\/v2\/comments?post=2279"}],"version-history":[{"count":2,"href":"https:\/\/iqgrid.nl\/sv\/wp-json\/wp\/v2\/pages\/2279\/revisions"}],"predecessor-version":[{"id":2283,"href":"https:\/\/iqgrid.nl\/sv\/wp-json\/wp\/v2\/pages\/2279\/revisions\/2283"}],"wp:attachment":[{"href":"https:\/\/iqgrid.nl\/sv\/wp-json\/wp\/v2\/media?parent=2279"}],"curies":[{"name":"wp","href":"https:\/\/api.w.org\/{rel}","templated":true}]}}